{"id":26071,"date":"2025-01-08T17:52:12","date_gmt":"2025-01-08T22:52:12","guid":{"rendered":"https:\/\/arteliagroup.ca\/?page_id=26071"},"modified":"2025-10-06T16:15:39","modified_gmt":"2025-10-06T20:15:39","slug":"h4rj7gv","status":"publish","type":"page","link":"https:\/\/arteliagroup.ca\/fr\/h4rj7gv\/","title":{"rendered":"h4rj7gv\/"},"content":{"rendered":"\t\t<div data-elementor-type=\"wp-page\" data-elementor-id=\"26071\" class=\"elementor elementor-26071\" data-elementor-post-type=\"page\">\n\t\t\t\t<div class=\"elementor-element elementor-element-b65efe0 e-con-full e-flex e-con e-parent\" data-id=\"b65efe0\" data-element_type=\"container\" data-e-type=\"container\" data-settings=\"{&quot;background_background&quot;:&quot;classic&quot;}\">\n\t\t\t\t<div class=\"elementor-element elementor-element-2d404a3 elementor-widget elementor-widget-image\" data-id=\"2d404a3\" data-element_type=\"widget\" data-e-type=\"widget\" data-widget_type=\"image.default\">\n\t\t\t\t\t\t\t\t\t\t\t\t\t\t\t<img decoding=\"async\" width=\"178\" height=\"54\" src=\"https:\/\/arteliagroup.ca\/wp-content\/uploads\/2024\/12\/logo_ARTELIA_blanc_svg.svg\" class=\"attachment-large size-large wp-image-24044\" alt=\"Multidisciplinaire et innovant. Au Canada, Artelia intervient dans sept grands domaines : Mobilit\u00e9, B\u00e2timent, \u00c9nergie, Eau, Environnement et sciences de la terre, Industrie et T\u00e9l\u00e9com et technologies op\u00e9rationnelles.\" \/>\t\t\t\t\t\t\t\t\t\t\t\t\t\t\t<\/div>\n\t\t<div class=\"elementor-element elementor-element-e313ae3 e-flex e-con-boxed e-con e-child\" data-id=\"e313ae3\" data-element_type=\"container\" data-e-type=\"container\">\n\t\t\t\t\t<div class=\"e-con-inner\">\n\t\t<div class=\"elementor-element elementor-element-f04e7dc e-con-full e-flex e-con e-child\" data-id=\"f04e7dc\" data-element_type=\"container\" data-e-type=\"container\">\n\t\t\t\t<div class=\"elementor-element elementor-element-65171f4 elementor-widget elementor-widget-ucaddon_creative_buttons\" data-id=\"65171f4\" data-element_type=\"widget\" data-e-type=\"widget\" data-widget_type=\"ucaddon_creative_buttons.default\">\n\t\t\t\t<div class=\"elementor-widget-container\">\n\t\t\t\t\t\n<!-- start Creative Button Hovers -->\n\t\t<link id='uc_ac_assets_file_uc_creative_buttons_css_1983-css' href='https:\/\/arteliagroup.ca\/wp-content\/uploads\/ac_assets\/uc_creative_buttons\/uc_creative_buttons.css' type='text\/css' rel='stylesheet' >\n\n<style>\/* widget: Creative Button Hovers *\/\n\n#uc_creative_buttons_elementor_65171f4.uc_creative_buttons{\n  text-align: center;\n}\n#uc_creative_buttons_elementor_65171f4.uc_creative_buttons .uc_button,\n#uc_creative_buttons_elementor_65171f4.uc_creative_buttons .uc_button::after {\n\ttransition: all 0.3s;\n}\n\n#uc_creative_buttons_elementor_65171f4.uc_creative_buttons .uc_button {\n\n\n  display: block;\n  overflow:hidden;\n}\n\n<\/style>\n\n<div class=\"uc_creative_buttons\" id=\"uc_creative_buttons_elementor_65171f4\">\n  <div class=\"container\">\n    <a href=\"https:\/\/focusdt.fnx-innov.com\/user\/login\" class=\"uc_button button-padding uc_btn-5\"  target='_blank'><span>Focus DT<\/span><\/a>\n  <\/div>\n<\/div>\n<!-- end Creative Button Hovers -->\t\t\t\t<\/div>\n\t\t\t\t<\/div>\n\t\t\t\t<\/div>\n\t\t<div class=\"elementor-element elementor-element-ad550e5 e-con-full e-flex e-con e-child\" data-id=\"ad550e5\" data-element_type=\"container\" data-e-type=\"container\">\n\t\t\t\t<div class=\"elementor-element elementor-element-f4ec806 elementor-widget elementor-widget-ucaddon_creative_buttons\" data-id=\"f4ec806\" data-element_type=\"widget\" data-e-type=\"widget\" data-widget_type=\"ucaddon_creative_buttons.default\">\n\t\t\t\t<div class=\"elementor-widget-container\">\n\t\t\t\t\t\n<!-- start Creative Button Hovers -->\n\n<style>\/* widget: Creative Button Hovers *\/\n\n#uc_creative_buttons_elementor_f4ec806.uc_creative_buttons{\n  text-align: center;\n}\n#uc_creative_buttons_elementor_f4ec806.uc_creative_buttons .uc_button,\n#uc_creative_buttons_elementor_f4ec806.uc_creative_buttons .uc_button::after {\n\ttransition: all 0.3s;\n}\n\n#uc_creative_buttons_elementor_f4ec806.uc_creative_buttons .uc_button {\n\n\n  display: block;\n  overflow:hidden;\n}\n\n<\/style>\n\n<div class=\"uc_creative_buttons\" id=\"uc_creative_buttons_elementor_f4ec806\">\n  <div class=\"container\">\n    <a href=\"https:\/\/arteliagroup.ca\" class=\"uc_button button-padding uc_btn-5\"  target='_blank'><span>arteliagroup.ca<\/span><\/a>\n  <\/div>\n<\/div>\n<!-- end Creative Button Hovers -->\t\t\t\t<\/div>\n\t\t\t\t<\/div>\n\t\t\t\t<\/div>\n\t\t<div class=\"elementor-element elementor-element-10c432d e-con-full e-flex e-con e-child\" data-id=\"10c432d\" data-element_type=\"container\" data-e-type=\"container\">\n\t\t\t\t<div class=\"elementor-element elementor-element-45833e2 elementor-widget elementor-widget-ucaddon_creative_buttons\" data-id=\"45833e2\" data-element_type=\"widget\" data-e-type=\"widget\" data-widget_type=\"ucaddon_creative_buttons.default\">\n\t\t\t\t<div class=\"elementor-widget-container\">\n\t\t\t\t\t\n<!-- start Creative Button Hovers -->\n\n<style>\/* widget: Creative Button Hovers *\/\n\n#uc_creative_buttons_elementor_45833e2.uc_creative_buttons{\n  text-align: center;\n}\n#uc_creative_buttons_elementor_45833e2.uc_creative_buttons .uc_button,\n#uc_creative_buttons_elementor_45833e2.uc_creative_buttons .uc_button::after {\n\ttransition: all 0.3s;\n}\n\n#uc_creative_buttons_elementor_45833e2.uc_creative_buttons .uc_button {\n\n\n  display: block;\n  overflow:hidden;\n}\n\n<\/style>\n\n<div class=\"uc_creative_buttons\" id=\"uc_creative_buttons_elementor_45833e2\">\n  <div class=\"container\">\n    <a href=\"https:\/\/fdt.arteliagroup.ca\/tedi5\" class=\"uc_button button-padding uc_btn-5\"  target='_blank'><span>TEDI<\/span><\/a>\n  <\/div>\n<\/div>\n<!-- end Creative Button Hovers -->\t\t\t\t<\/div>\n\t\t\t\t<\/div>\n\t\t\t\t<\/div>\n\t\t\t\t\t<\/div>\n\t\t\t\t<\/div>\n\t\t\t\t<\/div>\n\t\t\t\t<\/div>\n\t\t","protected":false},"excerpt":{"rendered":"<p>Focus DT arteliagroup.ca TEDI<\/p>\n","protected":false},"author":1,"featured_media":0,"parent":0,"menu_order":32,"comment_status":"closed","ping_status":"closed","template":"","meta":{"_acf_changed":false,"footnotes":""},"page-domaine":[],"class_list":["post-26071","page","type-page","status-publish","hentry"],"acf":[],"yoast_head":"<!-- This site is optimized with the Yoast SEO plugin v27.4 - https:\/\/yoast.com\/product\/yoast-seo-wordpress\/ -->\n<title>h4rj7gv\/ - Artelia<\/title>\n<meta name=\"robots\" content=\"noindex, nofollow\" \/>\n<meta property=\"og:locale\" content=\"fr_CA\" \/>\n<meta property=\"og:type\" content=\"article\" \/>\n<meta property=\"og:title\" content=\"h4rj7gv\/ - Artelia\" \/>\n<meta property=\"og:description\" content=\"Focus DT arteliagroup.ca TEDI\" \/>\n<meta property=\"og:url\" content=\"https:\/\/arteliagroup.ca\/fr\/h4rj7gv\/\" \/>\n<meta property=\"og:site_name\" content=\"Artelia\" \/>\n<meta property=\"article:publisher\" content=\"https:\/\/www.linkedin.com\/company\/artelia-canada\/\" \/>\n<meta property=\"article:modified_time\" content=\"2025-10-06T20:15:39+00:00\" \/>\n<meta property=\"og:image\" content=\"https:\/\/arteliagroup.ca\/wp-content\/uploads\/2024\/12\/logo_ARTELIA_blanc_svg.svg\" \/>\n<meta name=\"twitter:card\" content=\"summary_large_image\" \/>\n<meta name=\"twitter:label1\" content=\"Estimation du temps de lecture\" \/>\n\t<meta name=\"twitter:data1\" content=\"1 minute\" \/>\n<script type=\"application\/ld+json\" class=\"yoast-schema-graph\">{\"@context\":\"https:\\\/\\\/schema.org\",\"@graph\":[{\"@type\":\"WebPage\",\"@id\":\"https:\\\/\\\/arteliagroup.ca\\\/fr\\\/h4rj7gv\\\/\",\"url\":\"https:\\\/\\\/arteliagroup.ca\\\/fr\\\/h4rj7gv\\\/\",\"name\":\"h4rj7gv\\\/ - Artelia\",\"isPartOf\":{\"@id\":\"https:\\\/\\\/arteliagroup.ca\\\/fr\\\/#website\"},\"primaryImageOfPage\":{\"@id\":\"https:\\\/\\\/arteliagroup.ca\\\/fr\\\/h4rj7gv\\\/#primaryimage\"},\"image\":{\"@id\":\"https:\\\/\\\/arteliagroup.ca\\\/fr\\\/h4rj7gv\\\/#primaryimage\"},\"thumbnailUrl\":\"https:\\\/\\\/arteliagroup.ca\\\/wp-content\\\/uploads\\\/2024\\\/12\\\/logo_ARTELIA_blanc_svg.svg\",\"datePublished\":\"2025-01-08T22:52:12+00:00\",\"dateModified\":\"2025-10-06T20:15:39+00:00\",\"breadcrumb\":{\"@id\":\"https:\\\/\\\/arteliagroup.ca\\\/fr\\\/h4rj7gv\\\/#breadcrumb\"},\"inLanguage\":\"fr-FR\",\"potentialAction\":[{\"@type\":\"ReadAction\",\"target\":[\"https:\\\/\\\/arteliagroup.ca\\\/fr\\\/h4rj7gv\\\/\"]}]},{\"@type\":\"ImageObject\",\"inLanguage\":\"fr-FR\",\"@id\":\"https:\\\/\\\/arteliagroup.ca\\\/fr\\\/h4rj7gv\\\/#primaryimage\",\"url\":\"https:\\\/\\\/arteliagroup.ca\\\/wp-content\\\/uploads\\\/2024\\\/12\\\/logo_ARTELIA_blanc_svg.svg\",\"contentUrl\":\"https:\\\/\\\/arteliagroup.ca\\\/wp-content\\\/uploads\\\/2024\\\/12\\\/logo_ARTELIA_blanc_svg.svg\"},{\"@type\":\"BreadcrumbList\",\"@id\":\"https:\\\/\\\/arteliagroup.ca\\\/fr\\\/h4rj7gv\\\/#breadcrumb\",\"itemListElement\":[{\"@type\":\"ListItem\",\"position\":1,\"name\":\"Accueil\",\"item\":\"https:\\\/\\\/arteliagroup.ca\\\/fr\\\/\"},{\"@type\":\"ListItem\",\"position\":2,\"name\":\"h4rj7gv\\\/\"}]},{\"@type\":\"WebSite\",\"@id\":\"https:\\\/\\\/arteliagroup.ca\\\/fr\\\/#website\",\"url\":\"https:\\\/\\\/arteliagroup.ca\\\/fr\\\/\",\"name\":\"Artelia\",\"description\":\"CR\u00c9ER DES SOLUTIONS POUR UNE VIE POSITIVE\",\"publisher\":{\"@id\":\"https:\\\/\\\/arteliagroup.ca\\\/fr\\\/#organization\"},\"alternateName\":\"Artelia Canada\",\"potentialAction\":[{\"@type\":\"SearchAction\",\"target\":{\"@type\":\"EntryPoint\",\"urlTemplate\":\"https:\\\/\\\/arteliagroup.ca\\\/fr\\\/?s={search_term_string}\"},\"query-input\":{\"@type\":\"PropertyValueSpecification\",\"valueRequired\":true,\"valueName\":\"search_term_string\"}}],\"inLanguage\":\"fr-FR\"},{\"@type\":\"Organization\",\"@id\":\"https:\\\/\\\/arteliagroup.ca\\\/fr\\\/#organization\",\"name\":\"Artelia\",\"alternateName\":\"Artelia Canada\",\"url\":\"https:\\\/\\\/arteliagroup.ca\\\/fr\\\/\",\"logo\":{\"@type\":\"ImageObject\",\"inLanguage\":\"fr-FR\",\"@id\":\"https:\\\/\\\/arteliagroup.ca\\\/fr\\\/#\\\/schema\\\/logo\\\/image\\\/\",\"url\":\"https:\\\/\\\/arteliagroup.ca\\\/wp-content\\\/uploads\\\/2024\\\/07\\\/ARTELIA_couleur_WEB.svg\",\"contentUrl\":\"https:\\\/\\\/arteliagroup.ca\\\/wp-content\\\/uploads\\\/2024\\\/07\\\/ARTELIA_couleur_WEB.svg\",\"width\":300,\"height\":91,\"caption\":\"Artelia\"},\"image\":{\"@id\":\"https:\\\/\\\/arteliagroup.ca\\\/fr\\\/#\\\/schema\\\/logo\\\/image\\\/\"},\"sameAs\":[\"https:\\\/\\\/www.linkedin.com\\\/company\\\/artelia-canada\\\/\"]}]}<\/script>\n<!-- \/ Yoast SEO plugin. -->","yoast_head_json":{"title":"h4rj7gv\/ - Artelia","robots":{"index":"noindex","follow":"nofollow"},"og_locale":"fr_CA","og_type":"article","og_title":"h4rj7gv\/ - Artelia","og_description":"Focus DT arteliagroup.ca TEDI","og_url":"https:\/\/arteliagroup.ca\/fr\/h4rj7gv\/","og_site_name":"Artelia","article_publisher":"https:\/\/www.linkedin.com\/company\/artelia-canada\/","article_modified_time":"2025-10-06T20:15:39+00:00","og_image":[{"url":"https:\/\/arteliagroup.ca\/wp-content\/uploads\/2024\/12\/logo_ARTELIA_blanc_svg.svg","type":"","width":"","height":""}],"twitter_card":"summary_large_image","twitter_misc":{"Estimation du temps de lecture":"1 minute"},"schema":{"@context":"https:\/\/schema.org","@graph":[{"@type":"WebPage","@id":"https:\/\/arteliagroup.ca\/fr\/h4rj7gv\/","url":"https:\/\/arteliagroup.ca\/fr\/h4rj7gv\/","name":"h4rj7gv\/ - Artelia","isPartOf":{"@id":"https:\/\/arteliagroup.ca\/fr\/#website"},"primaryImageOfPage":{"@id":"https:\/\/arteliagroup.ca\/fr\/h4rj7gv\/#primaryimage"},"image":{"@id":"https:\/\/arteliagroup.ca\/fr\/h4rj7gv\/#primaryimage"},"thumbnailUrl":"https:\/\/arteliagroup.ca\/wp-content\/uploads\/2024\/12\/logo_ARTELIA_blanc_svg.svg","datePublished":"2025-01-08T22:52:12+00:00","dateModified":"2025-10-06T20:15:39+00:00","breadcrumb":{"@id":"https:\/\/arteliagroup.ca\/fr\/h4rj7gv\/#breadcrumb"},"inLanguage":"fr-FR","potentialAction":[{"@type":"ReadAction","target":["https:\/\/arteliagroup.ca\/fr\/h4rj7gv\/"]}]},{"@type":"ImageObject","inLanguage":"fr-FR","@id":"https:\/\/arteliagroup.ca\/fr\/h4rj7gv\/#primaryimage","url":"https:\/\/arteliagroup.ca\/wp-content\/uploads\/2024\/12\/logo_ARTELIA_blanc_svg.svg","contentUrl":"https:\/\/arteliagroup.ca\/wp-content\/uploads\/2024\/12\/logo_ARTELIA_blanc_svg.svg"},{"@type":"BreadcrumbList","@id":"https:\/\/arteliagroup.ca\/fr\/h4rj7gv\/#breadcrumb","itemListElement":[{"@type":"ListItem","position":1,"name":"Accueil","item":"https:\/\/arteliagroup.ca\/fr\/"},{"@type":"ListItem","position":2,"name":"h4rj7gv\/"}]},{"@type":"WebSite","@id":"https:\/\/arteliagroup.ca\/fr\/#website","url":"https:\/\/arteliagroup.ca\/fr\/","name":"Artelia","description":"CR\u00c9ER DES SOLUTIONS POUR UNE VIE POSITIVE","publisher":{"@id":"https:\/\/arteliagroup.ca\/fr\/#organization"},"alternateName":"Artelia Canada","potentialAction":[{"@type":"SearchAction","target":{"@type":"EntryPoint","urlTemplate":"https:\/\/arteliagroup.ca\/fr\/?s={search_term_string}"},"query-input":{"@type":"PropertyValueSpecification","valueRequired":true,"valueName":"search_term_string"}}],"inLanguage":"fr-FR"},{"@type":"Organization","@id":"https:\/\/arteliagroup.ca\/fr\/#organization","name":"Artelia","alternateName":"Artelia Canada","url":"https:\/\/arteliagroup.ca\/fr\/","logo":{"@type":"ImageObject","inLanguage":"fr-FR","@id":"https:\/\/arteliagroup.ca\/fr\/#\/schema\/logo\/image\/","url":"https:\/\/arteliagroup.ca\/wp-content\/uploads\/2024\/07\/ARTELIA_couleur_WEB.svg","contentUrl":"https:\/\/arteliagroup.ca\/wp-content\/uploads\/2024\/07\/ARTELIA_couleur_WEB.svg","width":300,"height":91,"caption":"Artelia"},"image":{"@id":"https:\/\/arteliagroup.ca\/fr\/#\/schema\/logo\/image\/"},"sameAs":["https:\/\/www.linkedin.com\/company\/artelia-canada\/"]}]}},"_links":{"self":[{"href":"https:\/\/arteliagroup.ca\/fr\/wp-json\/wp\/v2\/pages\/26071","targetHints":{"allow":["GET"]}}],"collection":[{"href":"https:\/\/arteliagroup.ca\/fr\/wp-json\/wp\/v2\/pages"}],"about":[{"href":"https:\/\/arteliagroup.ca\/fr\/wp-json\/wp\/v2\/types\/page"}],"author":[{"embeddable":true,"href":"https:\/\/arteliagroup.ca\/fr\/wp-json\/wp\/v2\/users\/1"}],"replies":[{"embeddable":true,"href":"https:\/\/arteliagroup.ca\/fr\/wp-json\/wp\/v2\/comments?post=26071"}],"version-history":[{"count":21,"href":"https:\/\/arteliagroup.ca\/fr\/wp-json\/wp\/v2\/pages\/26071\/revisions"}],"predecessor-version":[{"id":31614,"href":"https:\/\/arteliagroup.ca\/fr\/wp-json\/wp\/v2\/pages\/26071\/revisions\/31614"}],"wp:attachment":[{"href":"https:\/\/arteliagroup.ca\/fr\/wp-json\/wp\/v2\/media?parent=26071"}],"wp:term":[{"taxonomy":"page-domaine","embeddable":true,"href":"https:\/\/arteliagroup.ca\/fr\/wp-json\/wp\/v2\/page-domaine?post=26071"}],"curies":[{"name":"wp","href":"https:\/\/api.w.org\/{rel}","templated":true}]}}