{"id":448,"date":"2024-12-11T10:00:22","date_gmt":"2024-12-11T15:00:22","guid":{"rendered":"https:\/\/arteliagroup.ca\/?page_id=448"},"modified":"2025-05-02T09:45:29","modified_gmt":"2025-05-02T13:45:29","slug":"systemes-de-transport-intelligents-et-eclairage-routier","status":"publish","type":"page","link":"https:\/\/arteliagroup.ca\/fr\/nos-domaines\/mobilite\/systemes-de-transport-intelligents-et-eclairage-routier\/","title":{"rendered":"Syst\u00e8mes de transport intelligents et \u00e9clairage routier"},"content":{"rendered":"<p>&nbsp;<\/p>\n<p>&nbsp;<\/p>\n<p>&nbsp;<\/p>\n<p>&nbsp;<\/p>\n<p>&nbsp;<\/p>\n","protected":false},"excerpt":{"rendered":"<p>&nbsp; &nbsp; &nbsp; &nbsp; &nbsp;<\/p>\n","protected":false},"author":1,"featured_media":12611,"parent":380,"menu_order":6,"comment_status":"closed","ping_status":"closed","template":"","meta":{"_acf_changed":false,"footnotes":""},"page-domaine":[435],"class_list":["post-448","page","type-page","status-publish","has-post-thumbnail","hentry","page-domaine-p-mobility-fr"],"acf":[],"yoast_head":"<!-- This site is optimized with the Yoast SEO plugin v27.3 - https:\/\/yoast.com\/product\/yoast-seo-wordpress\/ -->\n<title>Syst\u00e8mes de transport intelligents et \u00e9clairage routier - Artelia<\/title>\n<meta name=\"description\" content=\"L\u2019expertise d&#039;Artelia en syst\u00e8mes de transport intelligents et en \u00e9clairage routier combine innovation et pr\u00e9cision technologique.\" \/>\n<meta name=\"robots\" content=\"index, follow, max-snippet:-1, max-image-preview:large, max-video-preview:-1\" \/>\n<link rel=\"canonical\" href=\"https:\/\/arteliagroup.ca\/fr\/nos-domaines\/mobilite\/systemes-de-transport-intelligents-et-eclairage-routier\/\" \/>\n<meta property=\"og:locale\" content=\"fr_CA\" \/>\n<meta property=\"og:type\" content=\"article\" \/>\n<meta property=\"og:title\" content=\"Syst\u00e8mes de transport intelligents et \u00e9clairage routier - Artelia\" \/>\n<meta property=\"og:description\" content=\"L\u2019expertise d&#039;Artelia en syst\u00e8mes de transport intelligents et en \u00e9clairage routier combine innovation et pr\u00e9cision technologique.\" \/>\n<meta property=\"og:url\" content=\"https:\/\/arteliagroup.ca\/fr\/nos-domaines\/mobilite\/systemes-de-transport-intelligents-et-eclairage-routier\/\" \/>\n<meta property=\"og:site_name\" content=\"Artelia\" \/>\n<meta property=\"article:publisher\" content=\"https:\/\/www.linkedin.com\/company\/artelia-canada\/\" \/>\n<meta property=\"article:modified_time\" content=\"2025-05-02T13:45:29+00:00\" \/>\n<meta property=\"og:image\" content=\"https:\/\/arteliagroup.ca\/wp-content\/uploads\/2024\/10\/Artelia_Mobilite-STI-et-eclairage-routier_v-jpg.avif\" \/>\n\t<meta property=\"og:image:width\" content=\"400\" \/>\n\t<meta property=\"og:image:height\" content=\"400\" \/>\n\t<meta property=\"og:image:type\" content=\"image\/jpeg\" \/>\n<meta name=\"twitter:card\" content=\"summary_large_image\" \/>\n<meta name=\"twitter:label1\" content=\"Estimation du temps de lecture\" \/>\n\t<meta name=\"twitter:data1\" content=\"3 minutes\" \/>\n<script type=\"application\/ld+json\" class=\"yoast-schema-graph\">{\"@context\":\"https:\\\/\\\/schema.org\",\"@graph\":[{\"@type\":\"WebPage\",\"@id\":\"https:\\\/\\\/arteliagroup.ca\\\/fr\\\/nos-domaines\\\/mobilite\\\/systemes-de-transport-intelligents-et-eclairage-routier\\\/\",\"url\":\"https:\\\/\\\/arteliagroup.ca\\\/fr\\\/nos-domaines\\\/mobilite\\\/systemes-de-transport-intelligents-et-eclairage-routier\\\/\",\"name\":\"Syst\u00e8mes de transport intelligents et \u00e9clairage routier - Artelia\",\"isPartOf\":{\"@id\":\"https:\\\/\\\/arteliagroup.ca\\\/fr\\\/#website\"},\"primaryImageOfPage\":{\"@id\":\"https:\\\/\\\/arteliagroup.ca\\\/fr\\\/nos-domaines\\\/mobilite\\\/systemes-de-transport-intelligents-et-eclairage-routier\\\/#primaryimage\"},\"image\":{\"@id\":\"https:\\\/\\\/arteliagroup.ca\\\/fr\\\/nos-domaines\\\/mobilite\\\/systemes-de-transport-intelligents-et-eclairage-routier\\\/#primaryimage\"},\"thumbnailUrl\":\"https:\\\/\\\/arteliagroup.ca\\\/wp-content\\\/uploads\\\/2024\\\/10\\\/Artelia_Mobilite-STI-et-eclairage-routier_v-jpg.avif\",\"datePublished\":\"2024-12-11T15:00:22+00:00\",\"dateModified\":\"2025-05-02T13:45:29+00:00\",\"description\":\"L\u2019expertise d'Artelia en syst\u00e8mes de transport intelligents et en \u00e9clairage routier combine innovation et pr\u00e9cision technologique.\",\"breadcrumb\":{\"@id\":\"https:\\\/\\\/arteliagroup.ca\\\/fr\\\/nos-domaines\\\/mobilite\\\/systemes-de-transport-intelligents-et-eclairage-routier\\\/#breadcrumb\"},\"inLanguage\":\"fr-FR\",\"potentialAction\":[{\"@type\":\"ReadAction\",\"target\":[\"https:\\\/\\\/arteliagroup.ca\\\/fr\\\/nos-domaines\\\/mobilite\\\/systemes-de-transport-intelligents-et-eclairage-routier\\\/\"]}]},{\"@type\":\"ImageObject\",\"inLanguage\":\"fr-FR\",\"@id\":\"https:\\\/\\\/arteliagroup.ca\\\/fr\\\/nos-domaines\\\/mobilite\\\/systemes-de-transport-intelligents-et-eclairage-routier\\\/#primaryimage\",\"url\":\"https:\\\/\\\/arteliagroup.ca\\\/wp-content\\\/uploads\\\/2024\\\/10\\\/Artelia_Mobilite-STI-et-eclairage-routier_v-jpg.avif\",\"contentUrl\":\"https:\\\/\\\/arteliagroup.ca\\\/wp-content\\\/uploads\\\/2024\\\/10\\\/Artelia_Mobilite-STI-et-eclairage-routier_v-jpg.avif\",\"width\":400,\"height\":400,\"caption\":\"L\u2019expertise d'Artelia en syst\u00e8mes de transport intelligents et en \u00e9clairage routier combine innovation et pr\u00e9cision technologique pour transformer nos infrastructures de mani\u00e8re durable et efficace.\"},{\"@type\":\"BreadcrumbList\",\"@id\":\"https:\\\/\\\/arteliagroup.ca\\\/fr\\\/nos-domaines\\\/mobilite\\\/systemes-de-transport-intelligents-et-eclairage-routier\\\/#breadcrumb\",\"itemListElement\":[{\"@type\":\"ListItem\",\"position\":1,\"name\":\"Accueil\",\"item\":\"https:\\\/\\\/arteliagroup.ca\\\/fr\\\/\"},{\"@type\":\"ListItem\",\"position\":2,\"name\":\"Domaines\",\"item\":\"https:\\\/\\\/arteliagroup.ca\\\/fr\\\/nos-domaines\\\/\"},{\"@type\":\"ListItem\",\"position\":3,\"name\":\"Mobilit\u00e9\",\"item\":\"https:\\\/\\\/arteliagroup.ca\\\/fr\\\/nos-domaines\\\/mobilite\\\/\"},{\"@type\":\"ListItem\",\"position\":4,\"name\":\"Syst\u00e8mes de transport intelligents et \u00e9clairage routier\"}]},{\"@type\":\"WebSite\",\"@id\":\"https:\\\/\\\/arteliagroup.ca\\\/fr\\\/#website\",\"url\":\"https:\\\/\\\/arteliagroup.ca\\\/fr\\\/\",\"name\":\"Artelia\",\"description\":\"CR\u00c9ER DES SOLUTIONS POUR UNE VIE POSITIVE\",\"publisher\":{\"@id\":\"https:\\\/\\\/arteliagroup.ca\\\/fr\\\/#organization\"},\"alternateName\":\"Artelia Canada\",\"potentialAction\":[{\"@type\":\"SearchAction\",\"target\":{\"@type\":\"EntryPoint\",\"urlTemplate\":\"https:\\\/\\\/arteliagroup.ca\\\/fr\\\/?s={search_term_string}\"},\"query-input\":{\"@type\":\"PropertyValueSpecification\",\"valueRequired\":true,\"valueName\":\"search_term_string\"}}],\"inLanguage\":\"fr-FR\"},{\"@type\":\"Organization\",\"@id\":\"https:\\\/\\\/arteliagroup.ca\\\/fr\\\/#organization\",\"name\":\"Artelia\",\"alternateName\":\"Artelia Canada\",\"url\":\"https:\\\/\\\/arteliagroup.ca\\\/fr\\\/\",\"logo\":{\"@type\":\"ImageObject\",\"inLanguage\":\"fr-FR\",\"@id\":\"https:\\\/\\\/arteliagroup.ca\\\/fr\\\/#\\\/schema\\\/logo\\\/image\\\/\",\"url\":\"https:\\\/\\\/arteliagroup.ca\\\/wp-content\\\/uploads\\\/2024\\\/07\\\/ARTELIA_couleur_WEB.svg\",\"contentUrl\":\"https:\\\/\\\/arteliagroup.ca\\\/wp-content\\\/uploads\\\/2024\\\/07\\\/ARTELIA_couleur_WEB.svg\",\"width\":300,\"height\":91,\"caption\":\"Artelia\"},\"image\":{\"@id\":\"https:\\\/\\\/arteliagroup.ca\\\/fr\\\/#\\\/schema\\\/logo\\\/image\\\/\"},\"sameAs\":[\"https:\\\/\\\/www.linkedin.com\\\/company\\\/artelia-canada\\\/\"]}]}<\/script>\n<!-- \/ Yoast SEO plugin. -->","yoast_head_json":{"title":"Syst\u00e8mes de transport intelligents et \u00e9clairage routier - Artelia","description":"L\u2019expertise d'Artelia en syst\u00e8mes de transport intelligents et en \u00e9clairage routier combine innovation et pr\u00e9cision technologique.","robots":{"index":"index","follow":"follow","max-snippet":"max-snippet:-1","max-image-preview":"max-image-preview:large","max-video-preview":"max-video-preview:-1"},"canonical":"https:\/\/arteliagroup.ca\/fr\/nos-domaines\/mobilite\/systemes-de-transport-intelligents-et-eclairage-routier\/","og_locale":"fr_CA","og_type":"article","og_title":"Syst\u00e8mes de transport intelligents et \u00e9clairage routier - Artelia","og_description":"L\u2019expertise d'Artelia en syst\u00e8mes de transport intelligents et en \u00e9clairage routier combine innovation et pr\u00e9cision technologique.","og_url":"https:\/\/arteliagroup.ca\/fr\/nos-domaines\/mobilite\/systemes-de-transport-intelligents-et-eclairage-routier\/","og_site_name":"Artelia","article_publisher":"https:\/\/www.linkedin.com\/company\/artelia-canada\/","article_modified_time":"2025-05-02T13:45:29+00:00","og_image":[{"width":400,"height":400,"url":"https:\/\/arteliagroup.ca\/wp-content\/uploads\/2024\/10\/Artelia_Mobilite-STI-et-eclairage-routier_v-jpg.avif","type":"image\/jpeg"}],"twitter_card":"summary_large_image","twitter_misc":{"Estimation du temps de lecture":"3 minutes"},"schema":{"@context":"https:\/\/schema.org","@graph":[{"@type":"WebPage","@id":"https:\/\/arteliagroup.ca\/fr\/nos-domaines\/mobilite\/systemes-de-transport-intelligents-et-eclairage-routier\/","url":"https:\/\/arteliagroup.ca\/fr\/nos-domaines\/mobilite\/systemes-de-transport-intelligents-et-eclairage-routier\/","name":"Syst\u00e8mes de transport intelligents et \u00e9clairage routier - Artelia","isPartOf":{"@id":"https:\/\/arteliagroup.ca\/fr\/#website"},"primaryImageOfPage":{"@id":"https:\/\/arteliagroup.ca\/fr\/nos-domaines\/mobilite\/systemes-de-transport-intelligents-et-eclairage-routier\/#primaryimage"},"image":{"@id":"https:\/\/arteliagroup.ca\/fr\/nos-domaines\/mobilite\/systemes-de-transport-intelligents-et-eclairage-routier\/#primaryimage"},"thumbnailUrl":"https:\/\/arteliagroup.ca\/wp-content\/uploads\/2024\/10\/Artelia_Mobilite-STI-et-eclairage-routier_v-jpg.avif","datePublished":"2024-12-11T15:00:22+00:00","dateModified":"2025-05-02T13:45:29+00:00","description":"L\u2019expertise d'Artelia en syst\u00e8mes de transport intelligents et en \u00e9clairage routier combine innovation et pr\u00e9cision technologique.","breadcrumb":{"@id":"https:\/\/arteliagroup.ca\/fr\/nos-domaines\/mobilite\/systemes-de-transport-intelligents-et-eclairage-routier\/#breadcrumb"},"inLanguage":"fr-FR","potentialAction":[{"@type":"ReadAction","target":["https:\/\/arteliagroup.ca\/fr\/nos-domaines\/mobilite\/systemes-de-transport-intelligents-et-eclairage-routier\/"]}]},{"@type":"ImageObject","inLanguage":"fr-FR","@id":"https:\/\/arteliagroup.ca\/fr\/nos-domaines\/mobilite\/systemes-de-transport-intelligents-et-eclairage-routier\/#primaryimage","url":"https:\/\/arteliagroup.ca\/wp-content\/uploads\/2024\/10\/Artelia_Mobilite-STI-et-eclairage-routier_v-jpg.avif","contentUrl":"https:\/\/arteliagroup.ca\/wp-content\/uploads\/2024\/10\/Artelia_Mobilite-STI-et-eclairage-routier_v-jpg.avif","width":400,"height":400,"caption":"L\u2019expertise d'Artelia en syst\u00e8mes de transport intelligents et en \u00e9clairage routier combine innovation et pr\u00e9cision technologique pour transformer nos infrastructures de mani\u00e8re durable et efficace."},{"@type":"BreadcrumbList","@id":"https:\/\/arteliagroup.ca\/fr\/nos-domaines\/mobilite\/systemes-de-transport-intelligents-et-eclairage-routier\/#breadcrumb","itemListElement":[{"@type":"ListItem","position":1,"name":"Accueil","item":"https:\/\/arteliagroup.ca\/fr\/"},{"@type":"ListItem","position":2,"name":"Domaines","item":"https:\/\/arteliagroup.ca\/fr\/nos-domaines\/"},{"@type":"ListItem","position":3,"name":"Mobilit\u00e9","item":"https:\/\/arteliagroup.ca\/fr\/nos-domaines\/mobilite\/"},{"@type":"ListItem","position":4,"name":"Syst\u00e8mes de transport intelligents et \u00e9clairage routier"}]},{"@type":"WebSite","@id":"https:\/\/arteliagroup.ca\/fr\/#website","url":"https:\/\/arteliagroup.ca\/fr\/","name":"Artelia","description":"CR\u00c9ER DES SOLUTIONS POUR UNE VIE POSITIVE","publisher":{"@id":"https:\/\/arteliagroup.ca\/fr\/#organization"},"alternateName":"Artelia Canada","potentialAction":[{"@type":"SearchAction","target":{"@type":"EntryPoint","urlTemplate":"https:\/\/arteliagroup.ca\/fr\/?s={search_term_string}"},"query-input":{"@type":"PropertyValueSpecification","valueRequired":true,"valueName":"search_term_string"}}],"inLanguage":"fr-FR"},{"@type":"Organization","@id":"https:\/\/arteliagroup.ca\/fr\/#organization","name":"Artelia","alternateName":"Artelia Canada","url":"https:\/\/arteliagroup.ca\/fr\/","logo":{"@type":"ImageObject","inLanguage":"fr-FR","@id":"https:\/\/arteliagroup.ca\/fr\/#\/schema\/logo\/image\/","url":"https:\/\/arteliagroup.ca\/wp-content\/uploads\/2024\/07\/ARTELIA_couleur_WEB.svg","contentUrl":"https:\/\/arteliagroup.ca\/wp-content\/uploads\/2024\/07\/ARTELIA_couleur_WEB.svg","width":300,"height":91,"caption":"Artelia"},"image":{"@id":"https:\/\/arteliagroup.ca\/fr\/#\/schema\/logo\/image\/"},"sameAs":["https:\/\/www.linkedin.com\/company\/artelia-canada\/"]}]}},"_links":{"self":[{"href":"https:\/\/arteliagroup.ca\/fr\/wp-json\/wp\/v2\/pages\/448","targetHints":{"allow":["GET"]}}],"collection":[{"href":"https:\/\/arteliagroup.ca\/fr\/wp-json\/wp\/v2\/pages"}],"about":[{"href":"https:\/\/arteliagroup.ca\/fr\/wp-json\/wp\/v2\/types\/page"}],"author":[{"embeddable":true,"href":"https:\/\/arteliagroup.ca\/fr\/wp-json\/wp\/v2\/users\/1"}],"replies":[{"embeddable":true,"href":"https:\/\/arteliagroup.ca\/fr\/wp-json\/wp\/v2\/comments?post=448"}],"version-history":[{"count":16,"href":"https:\/\/arteliagroup.ca\/fr\/wp-json\/wp\/v2\/pages\/448\/revisions"}],"predecessor-version":[{"id":26201,"href":"https:\/\/arteliagroup.ca\/fr\/wp-json\/wp\/v2\/pages\/448\/revisions\/26201"}],"up":[{"embeddable":true,"href":"https:\/\/arteliagroup.ca\/fr\/wp-json\/wp\/v2\/pages\/380"}],"wp:featuredmedia":[{"embeddable":true,"href":"https:\/\/arteliagroup.ca\/fr\/wp-json\/wp\/v2\/media\/12611"}],"wp:attachment":[{"href":"https:\/\/arteliagroup.ca\/fr\/wp-json\/wp\/v2\/media?parent=448"}],"wp:term":[{"taxonomy":"page-domaine","embeddable":true,"href":"https:\/\/arteliagroup.ca\/fr\/wp-json\/wp\/v2\/page-domaine?post=448"}],"curies":[{"name":"wp","href":"https:\/\/api.w.org\/{rel}","templated":true}]}}