{"id":466,"date":"2024-12-10T07:57:32","date_gmt":"2024-12-10T12:57:32","guid":{"rendered":"https:\/\/arteliagroup.ca\/?page_id=466"},"modified":"2025-12-04T16:58:04","modified_gmt":"2025-12-04T21:58:04","slug":"ouvrages-de-retenue","status":"publish","type":"page","link":"https:\/\/arteliagroup.ca\/fr\/nos-domaines\/eau\/ouvrages-de-retenue\/","title":{"rendered":"Ouvrages de retenue"},"content":{"rendered":"","protected":false},"excerpt":{"rendered":"","protected":false},"author":1,"featured_media":22751,"parent":381,"menu_order":4,"comment_status":"closed","ping_status":"closed","template":"","meta":{"_acf_changed":false,"footnotes":""},"page-domaine":[437],"class_list":["post-466","page","type-page","status-publish","has-post-thumbnail","hentry","page-domaine-p-water-fr"],"acf":[],"yoast_head":"<!-- This site is optimized with the Yoast SEO plugin v27.4 - https:\/\/yoast.com\/product\/yoast-seo-wordpress\/ -->\n<title>Ouvrages de retenue - Artelia<\/title>\n<meta name=\"description\" content=\"Nos \u00e9quipes multidisciplinaires allient expertise et outils num\u00e9riques pour analyser tous les param\u00e8tres essentiels de ces ouvrages.\" \/>\n<meta name=\"robots\" content=\"index, follow, max-snippet:-1, max-image-preview:large, max-video-preview:-1\" \/>\n<link rel=\"canonical\" href=\"https:\/\/arteliagroup.ca\/fr\/nos-domaines\/eau\/ouvrages-de-retenue\/\" \/>\n<meta property=\"og:locale\" content=\"fr_CA\" \/>\n<meta property=\"og:type\" content=\"article\" \/>\n<meta property=\"og:title\" content=\"Ouvrages de retenue - Artelia\" \/>\n<meta property=\"og:description\" content=\"Nos \u00e9quipes multidisciplinaires allient expertise et outils num\u00e9riques pour analyser tous les param\u00e8tres essentiels de ces ouvrages.\" \/>\n<meta property=\"og:url\" content=\"https:\/\/arteliagroup.ca\/fr\/nos-domaines\/eau\/ouvrages-de-retenue\/\" \/>\n<meta property=\"og:site_name\" content=\"Artelia\" \/>\n<meta property=\"article:publisher\" content=\"https:\/\/www.linkedin.com\/company\/artelia-canada\/\" \/>\n<meta property=\"article:modified_time\" content=\"2025-12-04T21:58:04+00:00\" \/>\n<meta property=\"og:image\" content=\"https:\/\/arteliagroup.ca\/wp-content\/uploads\/2024\/12\/Ouvrage-de-retenue_V.avif\" \/>\n\t<meta property=\"og:image:width\" content=\"400\" \/>\n\t<meta property=\"og:image:height\" content=\"400\" \/>\n\t<meta property=\"og:image:type\" content=\"image\/jpeg\" \/>\n<meta name=\"twitter:card\" content=\"summary_large_image\" \/>\n<meta name=\"twitter:label1\" content=\"Estimation du temps de lecture\" \/>\n\t<meta name=\"twitter:data1\" content=\"2 minutes\" \/>\n<script type=\"application\/ld+json\" class=\"yoast-schema-graph\">{\"@context\":\"https:\\\/\\\/schema.org\",\"@graph\":[{\"@type\":\"WebPage\",\"@id\":\"https:\\\/\\\/arteliagroup.ca\\\/fr\\\/nos-domaines\\\/eau\\\/ouvrages-de-retenue\\\/\",\"url\":\"https:\\\/\\\/arteliagroup.ca\\\/fr\\\/nos-domaines\\\/eau\\\/ouvrages-de-retenue\\\/\",\"name\":\"Ouvrages de retenue - Artelia\",\"isPartOf\":{\"@id\":\"https:\\\/\\\/arteliagroup.ca\\\/fr\\\/#website\"},\"primaryImageOfPage\":{\"@id\":\"https:\\\/\\\/arteliagroup.ca\\\/fr\\\/nos-domaines\\\/eau\\\/ouvrages-de-retenue\\\/#primaryimage\"},\"image\":{\"@id\":\"https:\\\/\\\/arteliagroup.ca\\\/fr\\\/nos-domaines\\\/eau\\\/ouvrages-de-retenue\\\/#primaryimage\"},\"thumbnailUrl\":\"https:\\\/\\\/arteliagroup.ca\\\/wp-content\\\/uploads\\\/2024\\\/12\\\/Ouvrage-de-retenue_V.avif\",\"datePublished\":\"2024-12-10T12:57:32+00:00\",\"dateModified\":\"2025-12-04T21:58:04+00:00\",\"description\":\"Nos \u00e9quipes multidisciplinaires allient expertise et outils num\u00e9riques pour analyser tous les param\u00e8tres essentiels de ces ouvrages.\",\"breadcrumb\":{\"@id\":\"https:\\\/\\\/arteliagroup.ca\\\/fr\\\/nos-domaines\\\/eau\\\/ouvrages-de-retenue\\\/#breadcrumb\"},\"inLanguage\":\"fr-FR\",\"potentialAction\":[{\"@type\":\"ReadAction\",\"target\":[\"https:\\\/\\\/arteliagroup.ca\\\/fr\\\/nos-domaines\\\/eau\\\/ouvrages-de-retenue\\\/\"]}]},{\"@type\":\"ImageObject\",\"inLanguage\":\"fr-FR\",\"@id\":\"https:\\\/\\\/arteliagroup.ca\\\/fr\\\/nos-domaines\\\/eau\\\/ouvrages-de-retenue\\\/#primaryimage\",\"url\":\"https:\\\/\\\/arteliagroup.ca\\\/wp-content\\\/uploads\\\/2024\\\/12\\\/Ouvrage-de-retenue_V.avif\",\"contentUrl\":\"https:\\\/\\\/arteliagroup.ca\\\/wp-content\\\/uploads\\\/2024\\\/12\\\/Ouvrage-de-retenue_V.avif\",\"width\":400,\"height\":400,\"caption\":\"Nos \u00e9quipes multidisciplinaires allient expertise et outils num\u00e9riques pour analyser tous les param\u00e8tres essentiels de ces ouvrages.\"},{\"@type\":\"BreadcrumbList\",\"@id\":\"https:\\\/\\\/arteliagroup.ca\\\/fr\\\/nos-domaines\\\/eau\\\/ouvrages-de-retenue\\\/#breadcrumb\",\"itemListElement\":[{\"@type\":\"ListItem\",\"position\":1,\"name\":\"Accueil\",\"item\":\"https:\\\/\\\/arteliagroup.ca\\\/fr\\\/\"},{\"@type\":\"ListItem\",\"position\":2,\"name\":\"Domaines\",\"item\":\"https:\\\/\\\/arteliagroup.ca\\\/fr\\\/nos-domaines\\\/\"},{\"@type\":\"ListItem\",\"position\":3,\"name\":\"Eau\",\"item\":\"https:\\\/\\\/arteliagroup.ca\\\/fr\\\/nos-domaines\\\/eau\\\/\"},{\"@type\":\"ListItem\",\"position\":4,\"name\":\"Ouvrages de retenue\"}]},{\"@type\":\"WebSite\",\"@id\":\"https:\\\/\\\/arteliagroup.ca\\\/fr\\\/#website\",\"url\":\"https:\\\/\\\/arteliagroup.ca\\\/fr\\\/\",\"name\":\"Artelia\",\"description\":\"CR\u00c9ER DES SOLUTIONS POUR UNE VIE POSITIVE\",\"publisher\":{\"@id\":\"https:\\\/\\\/arteliagroup.ca\\\/fr\\\/#organization\"},\"alternateName\":\"Artelia Canada\",\"potentialAction\":[{\"@type\":\"SearchAction\",\"target\":{\"@type\":\"EntryPoint\",\"urlTemplate\":\"https:\\\/\\\/arteliagroup.ca\\\/fr\\\/?s={search_term_string}\"},\"query-input\":{\"@type\":\"PropertyValueSpecification\",\"valueRequired\":true,\"valueName\":\"search_term_string\"}}],\"inLanguage\":\"fr-FR\"},{\"@type\":\"Organization\",\"@id\":\"https:\\\/\\\/arteliagroup.ca\\\/fr\\\/#organization\",\"name\":\"Artelia\",\"alternateName\":\"Artelia Canada\",\"url\":\"https:\\\/\\\/arteliagroup.ca\\\/fr\\\/\",\"logo\":{\"@type\":\"ImageObject\",\"inLanguage\":\"fr-FR\",\"@id\":\"https:\\\/\\\/arteliagroup.ca\\\/fr\\\/#\\\/schema\\\/logo\\\/image\\\/\",\"url\":\"https:\\\/\\\/arteliagroup.ca\\\/wp-content\\\/uploads\\\/2024\\\/07\\\/ARTELIA_couleur_WEB.svg\",\"contentUrl\":\"https:\\\/\\\/arteliagroup.ca\\\/wp-content\\\/uploads\\\/2024\\\/07\\\/ARTELIA_couleur_WEB.svg\",\"width\":300,\"height\":91,\"caption\":\"Artelia\"},\"image\":{\"@id\":\"https:\\\/\\\/arteliagroup.ca\\\/fr\\\/#\\\/schema\\\/logo\\\/image\\\/\"},\"sameAs\":[\"https:\\\/\\\/www.linkedin.com\\\/company\\\/artelia-canada\\\/\"]}]}<\/script>\n<!-- \/ Yoast SEO plugin. -->","yoast_head_json":{"title":"Ouvrages de retenue - Artelia","description":"Nos \u00e9quipes multidisciplinaires allient expertise et outils num\u00e9riques pour analyser tous les param\u00e8tres essentiels de ces ouvrages.","robots":{"index":"index","follow":"follow","max-snippet":"max-snippet:-1","max-image-preview":"max-image-preview:large","max-video-preview":"max-video-preview:-1"},"canonical":"https:\/\/arteliagroup.ca\/fr\/nos-domaines\/eau\/ouvrages-de-retenue\/","og_locale":"fr_CA","og_type":"article","og_title":"Ouvrages de retenue - Artelia","og_description":"Nos \u00e9quipes multidisciplinaires allient expertise et outils num\u00e9riques pour analyser tous les param\u00e8tres essentiels de ces ouvrages.","og_url":"https:\/\/arteliagroup.ca\/fr\/nos-domaines\/eau\/ouvrages-de-retenue\/","og_site_name":"Artelia","article_publisher":"https:\/\/www.linkedin.com\/company\/artelia-canada\/","article_modified_time":"2025-12-04T21:58:04+00:00","og_image":[{"width":400,"height":400,"url":"https:\/\/arteliagroup.ca\/wp-content\/uploads\/2024\/12\/Ouvrage-de-retenue_V.avif","type":"image\/jpeg"}],"twitter_card":"summary_large_image","twitter_misc":{"Estimation du temps de lecture":"2 minutes"},"schema":{"@context":"https:\/\/schema.org","@graph":[{"@type":"WebPage","@id":"https:\/\/arteliagroup.ca\/fr\/nos-domaines\/eau\/ouvrages-de-retenue\/","url":"https:\/\/arteliagroup.ca\/fr\/nos-domaines\/eau\/ouvrages-de-retenue\/","name":"Ouvrages de retenue - Artelia","isPartOf":{"@id":"https:\/\/arteliagroup.ca\/fr\/#website"},"primaryImageOfPage":{"@id":"https:\/\/arteliagroup.ca\/fr\/nos-domaines\/eau\/ouvrages-de-retenue\/#primaryimage"},"image":{"@id":"https:\/\/arteliagroup.ca\/fr\/nos-domaines\/eau\/ouvrages-de-retenue\/#primaryimage"},"thumbnailUrl":"https:\/\/arteliagroup.ca\/wp-content\/uploads\/2024\/12\/Ouvrage-de-retenue_V.avif","datePublished":"2024-12-10T12:57:32+00:00","dateModified":"2025-12-04T21:58:04+00:00","description":"Nos \u00e9quipes multidisciplinaires allient expertise et outils num\u00e9riques pour analyser tous les param\u00e8tres essentiels de ces ouvrages.","breadcrumb":{"@id":"https:\/\/arteliagroup.ca\/fr\/nos-domaines\/eau\/ouvrages-de-retenue\/#breadcrumb"},"inLanguage":"fr-FR","potentialAction":[{"@type":"ReadAction","target":["https:\/\/arteliagroup.ca\/fr\/nos-domaines\/eau\/ouvrages-de-retenue\/"]}]},{"@type":"ImageObject","inLanguage":"fr-FR","@id":"https:\/\/arteliagroup.ca\/fr\/nos-domaines\/eau\/ouvrages-de-retenue\/#primaryimage","url":"https:\/\/arteliagroup.ca\/wp-content\/uploads\/2024\/12\/Ouvrage-de-retenue_V.avif","contentUrl":"https:\/\/arteliagroup.ca\/wp-content\/uploads\/2024\/12\/Ouvrage-de-retenue_V.avif","width":400,"height":400,"caption":"Nos \u00e9quipes multidisciplinaires allient expertise et outils num\u00e9riques pour analyser tous les param\u00e8tres essentiels de ces ouvrages."},{"@type":"BreadcrumbList","@id":"https:\/\/arteliagroup.ca\/fr\/nos-domaines\/eau\/ouvrages-de-retenue\/#breadcrumb","itemListElement":[{"@type":"ListItem","position":1,"name":"Accueil","item":"https:\/\/arteliagroup.ca\/fr\/"},{"@type":"ListItem","position":2,"name":"Domaines","item":"https:\/\/arteliagroup.ca\/fr\/nos-domaines\/"},{"@type":"ListItem","position":3,"name":"Eau","item":"https:\/\/arteliagroup.ca\/fr\/nos-domaines\/eau\/"},{"@type":"ListItem","position":4,"name":"Ouvrages de retenue"}]},{"@type":"WebSite","@id":"https:\/\/arteliagroup.ca\/fr\/#website","url":"https:\/\/arteliagroup.ca\/fr\/","name":"Artelia","description":"CR\u00c9ER DES SOLUTIONS POUR UNE VIE POSITIVE","publisher":{"@id":"https:\/\/arteliagroup.ca\/fr\/#organization"},"alternateName":"Artelia Canada","potentialAction":[{"@type":"SearchAction","target":{"@type":"EntryPoint","urlTemplate":"https:\/\/arteliagroup.ca\/fr\/?s={search_term_string}"},"query-input":{"@type":"PropertyValueSpecification","valueRequired":true,"valueName":"search_term_string"}}],"inLanguage":"fr-FR"},{"@type":"Organization","@id":"https:\/\/arteliagroup.ca\/fr\/#organization","name":"Artelia","alternateName":"Artelia Canada","url":"https:\/\/arteliagroup.ca\/fr\/","logo":{"@type":"ImageObject","inLanguage":"fr-FR","@id":"https:\/\/arteliagroup.ca\/fr\/#\/schema\/logo\/image\/","url":"https:\/\/arteliagroup.ca\/wp-content\/uploads\/2024\/07\/ARTELIA_couleur_WEB.svg","contentUrl":"https:\/\/arteliagroup.ca\/wp-content\/uploads\/2024\/07\/ARTELIA_couleur_WEB.svg","width":300,"height":91,"caption":"Artelia"},"image":{"@id":"https:\/\/arteliagroup.ca\/fr\/#\/schema\/logo\/image\/"},"sameAs":["https:\/\/www.linkedin.com\/company\/artelia-canada\/"]}]}},"_links":{"self":[{"href":"https:\/\/arteliagroup.ca\/fr\/wp-json\/wp\/v2\/pages\/466","targetHints":{"allow":["GET"]}}],"collection":[{"href":"https:\/\/arteliagroup.ca\/fr\/wp-json\/wp\/v2\/pages"}],"about":[{"href":"https:\/\/arteliagroup.ca\/fr\/wp-json\/wp\/v2\/types\/page"}],"author":[{"embeddable":true,"href":"https:\/\/arteliagroup.ca\/fr\/wp-json\/wp\/v2\/users\/1"}],"replies":[{"embeddable":true,"href":"https:\/\/arteliagroup.ca\/fr\/wp-json\/wp\/v2\/comments?post=466"}],"version-history":[{"count":3,"href":"https:\/\/arteliagroup.ca\/fr\/wp-json\/wp\/v2\/pages\/466\/revisions"}],"predecessor-version":[{"id":33583,"href":"https:\/\/arteliagroup.ca\/fr\/wp-json\/wp\/v2\/pages\/466\/revisions\/33583"}],"up":[{"embeddable":true,"href":"https:\/\/arteliagroup.ca\/fr\/wp-json\/wp\/v2\/pages\/381"}],"wp:featuredmedia":[{"embeddable":true,"href":"https:\/\/arteliagroup.ca\/fr\/wp-json\/wp\/v2\/media\/22751"}],"wp:attachment":[{"href":"https:\/\/arteliagroup.ca\/fr\/wp-json\/wp\/v2\/media?parent=466"}],"wp:term":[{"taxonomy":"page-domaine","embeddable":true,"href":"https:\/\/arteliagroup.ca\/fr\/wp-json\/wp\/v2\/page-domaine?post=466"}],"curies":[{"name":"wp","href":"https:\/\/api.w.org\/{rel}","templated":true}]}}