{"id":4826,"date":"2024-12-08T10:00:00","date_gmt":"2024-12-08T15:00:00","guid":{"rendered":"https:\/\/arteliagroup.ca\/?page_id=4826"},"modified":"2025-12-04T16:39:25","modified_gmt":"2025-12-04T21:39:25","slug":"urbanisme-et-planification-urbaine","status":"publish","type":"page","link":"https:\/\/arteliagroup.ca\/fr\/nos-domaines\/mobilite\/urbanisme-et-planification-urbaine\/","title":{"rendered":"Urbanisme et planification urbaine"},"content":{"rendered":"","protected":false},"excerpt":{"rendered":"","protected":false},"author":1,"featured_media":16812,"parent":380,"menu_order":10,"comment_status":"closed","ping_status":"closed","template":"","meta":{"_acf_changed":false,"footnotes":""},"page-domaine":[435],"class_list":["post-4826","page","type-page","status-publish","has-post-thumbnail","hentry","page-domaine-p-mobility-fr"],"acf":[],"yoast_head":"<!-- This site is optimized with the Yoast SEO plugin v27.2 - https:\/\/yoast.com\/product\/yoast-seo-wordpress\/ -->\n<title>Urbanisme et planification urbaine - Artelia<\/title>\n<meta name=\"description\" content=\"Privil\u00e9giant un processus de conception int\u00e9gr\u00e9e, nous jouons un r\u00f4le central au sein des projets multidisciplinaires.\" \/>\n<meta name=\"robots\" content=\"index, follow, max-snippet:-1, max-image-preview:large, max-video-preview:-1\" \/>\n<link rel=\"canonical\" href=\"https:\/\/arteliagroup.ca\/fr\/nos-domaines\/mobilite\/urbanisme-et-planification-urbaine\/\" \/>\n<meta property=\"og:locale\" content=\"fr_CA\" \/>\n<meta property=\"og:type\" content=\"article\" \/>\n<meta property=\"og:title\" content=\"Urbanisme et planification urbaine - Artelia\" \/>\n<meta property=\"og:description\" content=\"Privil\u00e9giant un processus de conception int\u00e9gr\u00e9e, nous jouons un r\u00f4le central au sein des projets multidisciplinaires.\" \/>\n<meta property=\"og:url\" content=\"https:\/\/arteliagroup.ca\/fr\/nos-domaines\/mobilite\/urbanisme-et-planification-urbaine\/\" \/>\n<meta property=\"og:site_name\" content=\"Artelia\" \/>\n<meta property=\"article:publisher\" content=\"https:\/\/www.linkedin.com\/company\/artelia-canada\/\" \/>\n<meta property=\"article:modified_time\" content=\"2025-12-04T21:39:25+00:00\" \/>\n<meta property=\"og:image\" content=\"https:\/\/arteliagroup.ca\/wp-content\/uploads\/2024\/11\/Artelia_Urbanisme_V.avif\" \/>\n\t<meta property=\"og:image:width\" content=\"400\" \/>\n\t<meta property=\"og:image:height\" content=\"400\" \/>\n\t<meta property=\"og:image:type\" content=\"image\/jpeg\" \/>\n<meta name=\"twitter:card\" content=\"summary_large_image\" \/>\n<meta name=\"twitter:label1\" content=\"Estimation du temps de lecture\" \/>\n\t<meta name=\"twitter:data1\" content=\"2 minutes\" \/>\n<script type=\"application\/ld+json\" class=\"yoast-schema-graph\">{\"@context\":\"https:\/\/schema.org\",\"@graph\":[{\"@type\":\"WebPage\",\"@id\":\"https:\/\/arteliagroup.ca\/fr\/nos-domaines\/mobilite\/urbanisme-et-planification-urbaine\/\",\"url\":\"https:\/\/arteliagroup.ca\/fr\/nos-domaines\/mobilite\/urbanisme-et-planification-urbaine\/\",\"name\":\"Urbanisme et planification urbaine - Artelia\",\"isPartOf\":{\"@id\":\"https:\/\/arteliagroup.ca\/fr\/#website\"},\"primaryImageOfPage\":{\"@id\":\"https:\/\/arteliagroup.ca\/fr\/nos-domaines\/mobilite\/urbanisme-et-planification-urbaine\/#primaryimage\"},\"image\":{\"@id\":\"https:\/\/arteliagroup.ca\/fr\/nos-domaines\/mobilite\/urbanisme-et-planification-urbaine\/#primaryimage\"},\"thumbnailUrl\":\"https:\/\/arteliagroup.ca\/wp-content\/uploads\/2024\/11\/Artelia_Urbanisme_V.avif\",\"datePublished\":\"2024-12-08T15:00:00+00:00\",\"dateModified\":\"2025-12-04T21:39:25+00:00\",\"description\":\"Privil\u00e9giant un processus de conception int\u00e9gr\u00e9e, nous jouons un r\u00f4le central au sein des projets multidisciplinaires.\",\"breadcrumb\":{\"@id\":\"https:\/\/arteliagroup.ca\/fr\/nos-domaines\/mobilite\/urbanisme-et-planification-urbaine\/#breadcrumb\"},\"inLanguage\":\"fr-FR\",\"potentialAction\":[{\"@type\":\"ReadAction\",\"target\":[\"https:\/\/arteliagroup.ca\/fr\/nos-domaines\/mobilite\/urbanisme-et-planification-urbaine\/\"]}]},{\"@type\":\"ImageObject\",\"inLanguage\":\"fr-FR\",\"@id\":\"https:\/\/arteliagroup.ca\/fr\/nos-domaines\/mobilite\/urbanisme-et-planification-urbaine\/#primaryimage\",\"url\":\"https:\/\/arteliagroup.ca\/wp-content\/uploads\/2024\/11\/Artelia_Urbanisme_V.avif\",\"contentUrl\":\"https:\/\/arteliagroup.ca\/wp-content\/uploads\/2024\/11\/Artelia_Urbanisme_V.avif\",\"width\":400,\"height\":400,\"caption\":\"Privil\u00e9giant un processus de conception int\u00e9gr\u00e9e, nous jouons un r\u00f4le central au sein des projets multidisciplinaires.\"},{\"@type\":\"BreadcrumbList\",\"@id\":\"https:\/\/arteliagroup.ca\/fr\/nos-domaines\/mobilite\/urbanisme-et-planification-urbaine\/#breadcrumb\",\"itemListElement\":[{\"@type\":\"ListItem\",\"position\":1,\"name\":\"Accueil\",\"item\":\"https:\/\/arteliagroup.ca\/fr\/\"},{\"@type\":\"ListItem\",\"position\":2,\"name\":\"Domaines\",\"item\":\"https:\/\/arteliagroup.ca\/fr\/nos-domaines\/\"},{\"@type\":\"ListItem\",\"position\":3,\"name\":\"Mobilit\u00e9\",\"item\":\"https:\/\/arteliagroup.ca\/fr\/nos-domaines\/mobilite\/\"},{\"@type\":\"ListItem\",\"position\":4,\"name\":\"Urbanisme et planification urbaine\"}]},{\"@type\":\"WebSite\",\"@id\":\"https:\/\/arteliagroup.ca\/fr\/#website\",\"url\":\"https:\/\/arteliagroup.ca\/fr\/\",\"name\":\"Artelia\",\"description\":\"CR\u00c9ER DES SOLUTIONS POUR UNE VIE POSITIVE\",\"publisher\":{\"@id\":\"https:\/\/arteliagroup.ca\/fr\/#organization\"},\"alternateName\":\"Artelia Canada\",\"potentialAction\":[{\"@type\":\"SearchAction\",\"target\":{\"@type\":\"EntryPoint\",\"urlTemplate\":\"https:\/\/arteliagroup.ca\/fr\/?s={search_term_string}\"},\"query-input\":{\"@type\":\"PropertyValueSpecification\",\"valueRequired\":true,\"valueName\":\"search_term_string\"}}],\"inLanguage\":\"fr-FR\"},{\"@type\":\"Organization\",\"@id\":\"https:\/\/arteliagroup.ca\/fr\/#organization\",\"name\":\"Artelia\",\"alternateName\":\"Artelia Canada\",\"url\":\"https:\/\/arteliagroup.ca\/fr\/\",\"logo\":{\"@type\":\"ImageObject\",\"inLanguage\":\"fr-FR\",\"@id\":\"https:\/\/arteliagroup.ca\/fr\/#\/schema\/logo\/image\/\",\"url\":\"https:\/\/arteliagroup.ca\/wp-content\/uploads\/2024\/07\/ARTELIA_couleur_WEB.svg\",\"contentUrl\":\"https:\/\/arteliagroup.ca\/wp-content\/uploads\/2024\/07\/ARTELIA_couleur_WEB.svg\",\"width\":300,\"height\":91,\"caption\":\"Artelia\"},\"image\":{\"@id\":\"https:\/\/arteliagroup.ca\/fr\/#\/schema\/logo\/image\/\"},\"sameAs\":[\"https:\/\/www.linkedin.com\/company\/artelia-canada\/\"]}]}<\/script>\n<!-- \/ Yoast SEO plugin. -->","yoast_head_json":{"title":"Urbanisme et planification urbaine - Artelia","description":"Privil\u00e9giant un processus de conception int\u00e9gr\u00e9e, nous jouons un r\u00f4le central au sein des projets multidisciplinaires.","robots":{"index":"index","follow":"follow","max-snippet":"max-snippet:-1","max-image-preview":"max-image-preview:large","max-video-preview":"max-video-preview:-1"},"canonical":"https:\/\/arteliagroup.ca\/fr\/nos-domaines\/mobilite\/urbanisme-et-planification-urbaine\/","og_locale":"fr_CA","og_type":"article","og_title":"Urbanisme et planification urbaine - Artelia","og_description":"Privil\u00e9giant un processus de conception int\u00e9gr\u00e9e, nous jouons un r\u00f4le central au sein des projets multidisciplinaires.","og_url":"https:\/\/arteliagroup.ca\/fr\/nos-domaines\/mobilite\/urbanisme-et-planification-urbaine\/","og_site_name":"Artelia","article_publisher":"https:\/\/www.linkedin.com\/company\/artelia-canada\/","article_modified_time":"2025-12-04T21:39:25+00:00","og_image":[{"width":400,"height":400,"url":"https:\/\/arteliagroup.ca\/wp-content\/uploads\/2024\/11\/Artelia_Urbanisme_V.avif","type":"image\/jpeg"}],"twitter_card":"summary_large_image","twitter_misc":{"Estimation du temps de lecture":"2 minutes"},"schema":{"@context":"https:\/\/schema.org","@graph":[{"@type":"WebPage","@id":"https:\/\/arteliagroup.ca\/fr\/nos-domaines\/mobilite\/urbanisme-et-planification-urbaine\/","url":"https:\/\/arteliagroup.ca\/fr\/nos-domaines\/mobilite\/urbanisme-et-planification-urbaine\/","name":"Urbanisme et planification urbaine - Artelia","isPartOf":{"@id":"https:\/\/arteliagroup.ca\/fr\/#website"},"primaryImageOfPage":{"@id":"https:\/\/arteliagroup.ca\/fr\/nos-domaines\/mobilite\/urbanisme-et-planification-urbaine\/#primaryimage"},"image":{"@id":"https:\/\/arteliagroup.ca\/fr\/nos-domaines\/mobilite\/urbanisme-et-planification-urbaine\/#primaryimage"},"thumbnailUrl":"https:\/\/arteliagroup.ca\/wp-content\/uploads\/2024\/11\/Artelia_Urbanisme_V.avif","datePublished":"2024-12-08T15:00:00+00:00","dateModified":"2025-12-04T21:39:25+00:00","description":"Privil\u00e9giant un processus de conception int\u00e9gr\u00e9e, nous jouons un r\u00f4le central au sein des projets multidisciplinaires.","breadcrumb":{"@id":"https:\/\/arteliagroup.ca\/fr\/nos-domaines\/mobilite\/urbanisme-et-planification-urbaine\/#breadcrumb"},"inLanguage":"fr-FR","potentialAction":[{"@type":"ReadAction","target":["https:\/\/arteliagroup.ca\/fr\/nos-domaines\/mobilite\/urbanisme-et-planification-urbaine\/"]}]},{"@type":"ImageObject","inLanguage":"fr-FR","@id":"https:\/\/arteliagroup.ca\/fr\/nos-domaines\/mobilite\/urbanisme-et-planification-urbaine\/#primaryimage","url":"https:\/\/arteliagroup.ca\/wp-content\/uploads\/2024\/11\/Artelia_Urbanisme_V.avif","contentUrl":"https:\/\/arteliagroup.ca\/wp-content\/uploads\/2024\/11\/Artelia_Urbanisme_V.avif","width":400,"height":400,"caption":"Privil\u00e9giant un processus de conception int\u00e9gr\u00e9e, nous jouons un r\u00f4le central au sein des projets multidisciplinaires."},{"@type":"BreadcrumbList","@id":"https:\/\/arteliagroup.ca\/fr\/nos-domaines\/mobilite\/urbanisme-et-planification-urbaine\/#breadcrumb","itemListElement":[{"@type":"ListItem","position":1,"name":"Accueil","item":"https:\/\/arteliagroup.ca\/fr\/"},{"@type":"ListItem","position":2,"name":"Domaines","item":"https:\/\/arteliagroup.ca\/fr\/nos-domaines\/"},{"@type":"ListItem","position":3,"name":"Mobilit\u00e9","item":"https:\/\/arteliagroup.ca\/fr\/nos-domaines\/mobilite\/"},{"@type":"ListItem","position":4,"name":"Urbanisme et planification urbaine"}]},{"@type":"WebSite","@id":"https:\/\/arteliagroup.ca\/fr\/#website","url":"https:\/\/arteliagroup.ca\/fr\/","name":"Artelia","description":"CR\u00c9ER DES SOLUTIONS POUR UNE VIE POSITIVE","publisher":{"@id":"https:\/\/arteliagroup.ca\/fr\/#organization"},"alternateName":"Artelia Canada","potentialAction":[{"@type":"SearchAction","target":{"@type":"EntryPoint","urlTemplate":"https:\/\/arteliagroup.ca\/fr\/?s={search_term_string}"},"query-input":{"@type":"PropertyValueSpecification","valueRequired":true,"valueName":"search_term_string"}}],"inLanguage":"fr-FR"},{"@type":"Organization","@id":"https:\/\/arteliagroup.ca\/fr\/#organization","name":"Artelia","alternateName":"Artelia Canada","url":"https:\/\/arteliagroup.ca\/fr\/","logo":{"@type":"ImageObject","inLanguage":"fr-FR","@id":"https:\/\/arteliagroup.ca\/fr\/#\/schema\/logo\/image\/","url":"https:\/\/arteliagroup.ca\/wp-content\/uploads\/2024\/07\/ARTELIA_couleur_WEB.svg","contentUrl":"https:\/\/arteliagroup.ca\/wp-content\/uploads\/2024\/07\/ARTELIA_couleur_WEB.svg","width":300,"height":91,"caption":"Artelia"},"image":{"@id":"https:\/\/arteliagroup.ca\/fr\/#\/schema\/logo\/image\/"},"sameAs":["https:\/\/www.linkedin.com\/company\/artelia-canada\/"]}]}},"_links":{"self":[{"href":"https:\/\/arteliagroup.ca\/fr\/wp-json\/wp\/v2\/pages\/4826","targetHints":{"allow":["GET"]}}],"collection":[{"href":"https:\/\/arteliagroup.ca\/fr\/wp-json\/wp\/v2\/pages"}],"about":[{"href":"https:\/\/arteliagroup.ca\/fr\/wp-json\/wp\/v2\/types\/page"}],"author":[{"embeddable":true,"href":"https:\/\/arteliagroup.ca\/fr\/wp-json\/wp\/v2\/users\/1"}],"replies":[{"embeddable":true,"href":"https:\/\/arteliagroup.ca\/fr\/wp-json\/wp\/v2\/comments?post=4826"}],"version-history":[{"count":14,"href":"https:\/\/arteliagroup.ca\/fr\/wp-json\/wp\/v2\/pages\/4826\/revisions"}],"predecessor-version":[{"id":33573,"href":"https:\/\/arteliagroup.ca\/fr\/wp-json\/wp\/v2\/pages\/4826\/revisions\/33573"}],"up":[{"embeddable":true,"href":"https:\/\/arteliagroup.ca\/fr\/wp-json\/wp\/v2\/pages\/380"}],"wp:featuredmedia":[{"embeddable":true,"href":"https:\/\/arteliagroup.ca\/fr\/wp-json\/wp\/v2\/media\/16812"}],"wp:attachment":[{"href":"https:\/\/arteliagroup.ca\/fr\/wp-json\/wp\/v2\/media?parent=4826"}],"wp:term":[{"taxonomy":"page-domaine","embeddable":true,"href":"https:\/\/arteliagroup.ca\/fr\/wp-json\/wp\/v2\/page-domaine?post=4826"}],"curies":[{"name":"wp","href":"https:\/\/api.w.org\/{rel}","templated":true}]}}