{"id":520,"date":"2024-12-14T10:00:45","date_gmt":"2024-12-14T15:00:45","guid":{"rendered":"https:\/\/arteliagroup.ca\/?page_id=520"},"modified":"2025-12-04T16:35:07","modified_gmt":"2025-12-04T21:35:07","slug":"sante-et-education","status":"publish","type":"page","link":"https:\/\/arteliagroup.ca\/fr\/nos-domaines\/batiment\/sante-et-education\/","title":{"rendered":"Sant\u00e9 et \u00e9ducation"},"content":{"rendered":"","protected":false},"excerpt":{"rendered":"","protected":false},"author":1,"featured_media":12880,"parent":388,"menu_order":3,"comment_status":"closed","ping_status":"closed","template":"","meta":{"_acf_changed":false,"footnotes":""},"page-domaine":[443],"class_list":["post-520","page","type-page","status-publish","has-post-thumbnail","hentry","page-domaine-p-building-fr"],"acf":[],"yoast_head":"<!-- This site is optimized with the Yoast SEO plugin v27.3 - https:\/\/yoast.com\/product\/yoast-seo-wordpress\/ -->\n<title>Sant\u00e9 et \u00e9ducation - Artelia<\/title>\n<meta name=\"description\" content=\"Nos projets comprennent \u00e9coles, universit\u00e9s, h\u00f4pitaux, cliniques priv\u00e9es, unit\u00e9s de soins sp\u00e9cialis\u00e9s et CHSLD.\" \/>\n<meta name=\"robots\" content=\"index, follow, max-snippet:-1, max-image-preview:large, max-video-preview:-1\" \/>\n<link rel=\"canonical\" href=\"https:\/\/arteliagroup.ca\/fr\/nos-domaines\/batiment\/sante-et-education\/\" \/>\n<meta property=\"og:locale\" content=\"fr_CA\" \/>\n<meta property=\"og:type\" content=\"article\" \/>\n<meta property=\"og:title\" content=\"Sant\u00e9 et \u00e9ducation - Artelia\" \/>\n<meta property=\"og:description\" content=\"Nos projets comprennent \u00e9coles, universit\u00e9s, h\u00f4pitaux, cliniques priv\u00e9es, unit\u00e9s de soins sp\u00e9cialis\u00e9s et CHSLD.\" \/>\n<meta property=\"og:url\" content=\"https:\/\/arteliagroup.ca\/fr\/nos-domaines\/batiment\/sante-et-education\/\" \/>\n<meta property=\"og:site_name\" content=\"Artelia\" \/>\n<meta property=\"article:publisher\" content=\"https:\/\/www.linkedin.com\/company\/artelia-canada\/\" \/>\n<meta property=\"article:modified_time\" content=\"2025-12-04T21:35:07+00:00\" \/>\n<meta property=\"og:image\" content=\"https:\/\/arteliagroup.ca\/wp-content\/uploads\/2024\/11\/Artelia_Batiment-Sante-et-education_v-jpg.avif\" \/>\n\t<meta property=\"og:image:width\" content=\"400\" \/>\n\t<meta property=\"og:image:height\" content=\"400\" \/>\n\t<meta property=\"og:image:type\" content=\"image\/jpeg\" \/>\n<meta name=\"twitter:card\" content=\"summary_large_image\" \/>\n<meta name=\"twitter:label1\" content=\"Estimation du temps de lecture\" \/>\n\t<meta name=\"twitter:data1\" content=\"2 minutes\" \/>\n<script type=\"application\/ld+json\" class=\"yoast-schema-graph\">{\"@context\":\"https:\\\/\\\/schema.org\",\"@graph\":[{\"@type\":\"WebPage\",\"@id\":\"https:\\\/\\\/arteliagroup.ca\\\/fr\\\/nos-domaines\\\/batiment\\\/sante-et-education\\\/\",\"url\":\"https:\\\/\\\/arteliagroup.ca\\\/fr\\\/nos-domaines\\\/batiment\\\/sante-et-education\\\/\",\"name\":\"Sant\u00e9 et \u00e9ducation - Artelia\",\"isPartOf\":{\"@id\":\"https:\\\/\\\/arteliagroup.ca\\\/fr\\\/#website\"},\"primaryImageOfPage\":{\"@id\":\"https:\\\/\\\/arteliagroup.ca\\\/fr\\\/nos-domaines\\\/batiment\\\/sante-et-education\\\/#primaryimage\"},\"image\":{\"@id\":\"https:\\\/\\\/arteliagroup.ca\\\/fr\\\/nos-domaines\\\/batiment\\\/sante-et-education\\\/#primaryimage\"},\"thumbnailUrl\":\"https:\\\/\\\/arteliagroup.ca\\\/wp-content\\\/uploads\\\/2024\\\/11\\\/Artelia_Batiment-Sante-et-education_v-jpg.avif\",\"datePublished\":\"2024-12-14T15:00:45+00:00\",\"dateModified\":\"2025-12-04T21:35:07+00:00\",\"description\":\"Nos projets comprennent \u00e9coles, universit\u00e9s, h\u00f4pitaux, cliniques priv\u00e9es, unit\u00e9s de soins sp\u00e9cialis\u00e9s et CHSLD.\",\"breadcrumb\":{\"@id\":\"https:\\\/\\\/arteliagroup.ca\\\/fr\\\/nos-domaines\\\/batiment\\\/sante-et-education\\\/#breadcrumb\"},\"inLanguage\":\"fr-FR\",\"potentialAction\":[{\"@type\":\"ReadAction\",\"target\":[\"https:\\\/\\\/arteliagroup.ca\\\/fr\\\/nos-domaines\\\/batiment\\\/sante-et-education\\\/\"]}]},{\"@type\":\"ImageObject\",\"inLanguage\":\"fr-FR\",\"@id\":\"https:\\\/\\\/arteliagroup.ca\\\/fr\\\/nos-domaines\\\/batiment\\\/sante-et-education\\\/#primaryimage\",\"url\":\"https:\\\/\\\/arteliagroup.ca\\\/wp-content\\\/uploads\\\/2024\\\/11\\\/Artelia_Batiment-Sante-et-education_v-jpg.avif\",\"contentUrl\":\"https:\\\/\\\/arteliagroup.ca\\\/wp-content\\\/uploads\\\/2024\\\/11\\\/Artelia_Batiment-Sante-et-education_v-jpg.avif\",\"width\":400,\"height\":400,\"caption\":\"Nos projets comprennent \u00e9coles, universit\u00e9s, h\u00f4pitaux, cliniques priv\u00e9es, unit\u00e9s de soins sp\u00e9cialis\u00e9s et CHSLD.\"},{\"@type\":\"BreadcrumbList\",\"@id\":\"https:\\\/\\\/arteliagroup.ca\\\/fr\\\/nos-domaines\\\/batiment\\\/sante-et-education\\\/#breadcrumb\",\"itemListElement\":[{\"@type\":\"ListItem\",\"position\":1,\"name\":\"Accueil\",\"item\":\"https:\\\/\\\/arteliagroup.ca\\\/fr\\\/\"},{\"@type\":\"ListItem\",\"position\":2,\"name\":\"Domaines\",\"item\":\"https:\\\/\\\/arteliagroup.ca\\\/fr\\\/nos-domaines\\\/\"},{\"@type\":\"ListItem\",\"position\":3,\"name\":\"B\u00e2timent\",\"item\":\"https:\\\/\\\/arteliagroup.ca\\\/fr\\\/nos-domaines\\\/batiment\\\/\"},{\"@type\":\"ListItem\",\"position\":4,\"name\":\"Sant\u00e9 et \u00e9ducation\"}]},{\"@type\":\"WebSite\",\"@id\":\"https:\\\/\\\/arteliagroup.ca\\\/fr\\\/#website\",\"url\":\"https:\\\/\\\/arteliagroup.ca\\\/fr\\\/\",\"name\":\"Artelia\",\"description\":\"CR\u00c9ER DES SOLUTIONS POUR UNE VIE POSITIVE\",\"publisher\":{\"@id\":\"https:\\\/\\\/arteliagroup.ca\\\/fr\\\/#organization\"},\"alternateName\":\"Artelia Canada\",\"potentialAction\":[{\"@type\":\"SearchAction\",\"target\":{\"@type\":\"EntryPoint\",\"urlTemplate\":\"https:\\\/\\\/arteliagroup.ca\\\/fr\\\/?s={search_term_string}\"},\"query-input\":{\"@type\":\"PropertyValueSpecification\",\"valueRequired\":true,\"valueName\":\"search_term_string\"}}],\"inLanguage\":\"fr-FR\"},{\"@type\":\"Organization\",\"@id\":\"https:\\\/\\\/arteliagroup.ca\\\/fr\\\/#organization\",\"name\":\"Artelia\",\"alternateName\":\"Artelia Canada\",\"url\":\"https:\\\/\\\/arteliagroup.ca\\\/fr\\\/\",\"logo\":{\"@type\":\"ImageObject\",\"inLanguage\":\"fr-FR\",\"@id\":\"https:\\\/\\\/arteliagroup.ca\\\/fr\\\/#\\\/schema\\\/logo\\\/image\\\/\",\"url\":\"https:\\\/\\\/arteliagroup.ca\\\/wp-content\\\/uploads\\\/2024\\\/07\\\/ARTELIA_couleur_WEB.svg\",\"contentUrl\":\"https:\\\/\\\/arteliagroup.ca\\\/wp-content\\\/uploads\\\/2024\\\/07\\\/ARTELIA_couleur_WEB.svg\",\"width\":300,\"height\":91,\"caption\":\"Artelia\"},\"image\":{\"@id\":\"https:\\\/\\\/arteliagroup.ca\\\/fr\\\/#\\\/schema\\\/logo\\\/image\\\/\"},\"sameAs\":[\"https:\\\/\\\/www.linkedin.com\\\/company\\\/artelia-canada\\\/\"]}]}<\/script>\n<!-- \/ Yoast SEO plugin. -->","yoast_head_json":{"title":"Sant\u00e9 et \u00e9ducation - Artelia","description":"Nos projets comprennent \u00e9coles, universit\u00e9s, h\u00f4pitaux, cliniques priv\u00e9es, unit\u00e9s de soins sp\u00e9cialis\u00e9s et CHSLD.","robots":{"index":"index","follow":"follow","max-snippet":"max-snippet:-1","max-image-preview":"max-image-preview:large","max-video-preview":"max-video-preview:-1"},"canonical":"https:\/\/arteliagroup.ca\/fr\/nos-domaines\/batiment\/sante-et-education\/","og_locale":"fr_CA","og_type":"article","og_title":"Sant\u00e9 et \u00e9ducation - Artelia","og_description":"Nos projets comprennent \u00e9coles, universit\u00e9s, h\u00f4pitaux, cliniques priv\u00e9es, unit\u00e9s de soins sp\u00e9cialis\u00e9s et CHSLD.","og_url":"https:\/\/arteliagroup.ca\/fr\/nos-domaines\/batiment\/sante-et-education\/","og_site_name":"Artelia","article_publisher":"https:\/\/www.linkedin.com\/company\/artelia-canada\/","article_modified_time":"2025-12-04T21:35:07+00:00","og_image":[{"width":400,"height":400,"url":"https:\/\/arteliagroup.ca\/wp-content\/uploads\/2024\/11\/Artelia_Batiment-Sante-et-education_v-jpg.avif","type":"image\/jpeg"}],"twitter_card":"summary_large_image","twitter_misc":{"Estimation du temps de lecture":"2 minutes"},"schema":{"@context":"https:\/\/schema.org","@graph":[{"@type":"WebPage","@id":"https:\/\/arteliagroup.ca\/fr\/nos-domaines\/batiment\/sante-et-education\/","url":"https:\/\/arteliagroup.ca\/fr\/nos-domaines\/batiment\/sante-et-education\/","name":"Sant\u00e9 et \u00e9ducation - Artelia","isPartOf":{"@id":"https:\/\/arteliagroup.ca\/fr\/#website"},"primaryImageOfPage":{"@id":"https:\/\/arteliagroup.ca\/fr\/nos-domaines\/batiment\/sante-et-education\/#primaryimage"},"image":{"@id":"https:\/\/arteliagroup.ca\/fr\/nos-domaines\/batiment\/sante-et-education\/#primaryimage"},"thumbnailUrl":"https:\/\/arteliagroup.ca\/wp-content\/uploads\/2024\/11\/Artelia_Batiment-Sante-et-education_v-jpg.avif","datePublished":"2024-12-14T15:00:45+00:00","dateModified":"2025-12-04T21:35:07+00:00","description":"Nos projets comprennent \u00e9coles, universit\u00e9s, h\u00f4pitaux, cliniques priv\u00e9es, unit\u00e9s de soins sp\u00e9cialis\u00e9s et CHSLD.","breadcrumb":{"@id":"https:\/\/arteliagroup.ca\/fr\/nos-domaines\/batiment\/sante-et-education\/#breadcrumb"},"inLanguage":"fr-FR","potentialAction":[{"@type":"ReadAction","target":["https:\/\/arteliagroup.ca\/fr\/nos-domaines\/batiment\/sante-et-education\/"]}]},{"@type":"ImageObject","inLanguage":"fr-FR","@id":"https:\/\/arteliagroup.ca\/fr\/nos-domaines\/batiment\/sante-et-education\/#primaryimage","url":"https:\/\/arteliagroup.ca\/wp-content\/uploads\/2024\/11\/Artelia_Batiment-Sante-et-education_v-jpg.avif","contentUrl":"https:\/\/arteliagroup.ca\/wp-content\/uploads\/2024\/11\/Artelia_Batiment-Sante-et-education_v-jpg.avif","width":400,"height":400,"caption":"Nos projets comprennent \u00e9coles, universit\u00e9s, h\u00f4pitaux, cliniques priv\u00e9es, unit\u00e9s de soins sp\u00e9cialis\u00e9s et CHSLD."},{"@type":"BreadcrumbList","@id":"https:\/\/arteliagroup.ca\/fr\/nos-domaines\/batiment\/sante-et-education\/#breadcrumb","itemListElement":[{"@type":"ListItem","position":1,"name":"Accueil","item":"https:\/\/arteliagroup.ca\/fr\/"},{"@type":"ListItem","position":2,"name":"Domaines","item":"https:\/\/arteliagroup.ca\/fr\/nos-domaines\/"},{"@type":"ListItem","position":3,"name":"B\u00e2timent","item":"https:\/\/arteliagroup.ca\/fr\/nos-domaines\/batiment\/"},{"@type":"ListItem","position":4,"name":"Sant\u00e9 et \u00e9ducation"}]},{"@type":"WebSite","@id":"https:\/\/arteliagroup.ca\/fr\/#website","url":"https:\/\/arteliagroup.ca\/fr\/","name":"Artelia","description":"CR\u00c9ER DES SOLUTIONS POUR UNE VIE POSITIVE","publisher":{"@id":"https:\/\/arteliagroup.ca\/fr\/#organization"},"alternateName":"Artelia Canada","potentialAction":[{"@type":"SearchAction","target":{"@type":"EntryPoint","urlTemplate":"https:\/\/arteliagroup.ca\/fr\/?s={search_term_string}"},"query-input":{"@type":"PropertyValueSpecification","valueRequired":true,"valueName":"search_term_string"}}],"inLanguage":"fr-FR"},{"@type":"Organization","@id":"https:\/\/arteliagroup.ca\/fr\/#organization","name":"Artelia","alternateName":"Artelia Canada","url":"https:\/\/arteliagroup.ca\/fr\/","logo":{"@type":"ImageObject","inLanguage":"fr-FR","@id":"https:\/\/arteliagroup.ca\/fr\/#\/schema\/logo\/image\/","url":"https:\/\/arteliagroup.ca\/wp-content\/uploads\/2024\/07\/ARTELIA_couleur_WEB.svg","contentUrl":"https:\/\/arteliagroup.ca\/wp-content\/uploads\/2024\/07\/ARTELIA_couleur_WEB.svg","width":300,"height":91,"caption":"Artelia"},"image":{"@id":"https:\/\/arteliagroup.ca\/fr\/#\/schema\/logo\/image\/"},"sameAs":["https:\/\/www.linkedin.com\/company\/artelia-canada\/"]}]}},"_links":{"self":[{"href":"https:\/\/arteliagroup.ca\/fr\/wp-json\/wp\/v2\/pages\/520","targetHints":{"allow":["GET"]}}],"collection":[{"href":"https:\/\/arteliagroup.ca\/fr\/wp-json\/wp\/v2\/pages"}],"about":[{"href":"https:\/\/arteliagroup.ca\/fr\/wp-json\/wp\/v2\/types\/page"}],"author":[{"embeddable":true,"href":"https:\/\/arteliagroup.ca\/fr\/wp-json\/wp\/v2\/users\/1"}],"replies":[{"embeddable":true,"href":"https:\/\/arteliagroup.ca\/fr\/wp-json\/wp\/v2\/comments?post=520"}],"version-history":[{"count":14,"href":"https:\/\/arteliagroup.ca\/fr\/wp-json\/wp\/v2\/pages\/520\/revisions"}],"predecessor-version":[{"id":33569,"href":"https:\/\/arteliagroup.ca\/fr\/wp-json\/wp\/v2\/pages\/520\/revisions\/33569"}],"up":[{"embeddable":true,"href":"https:\/\/arteliagroup.ca\/fr\/wp-json\/wp\/v2\/pages\/388"}],"wp:featuredmedia":[{"embeddable":true,"href":"https:\/\/arteliagroup.ca\/fr\/wp-json\/wp\/v2\/media\/12880"}],"wp:attachment":[{"href":"https:\/\/arteliagroup.ca\/fr\/wp-json\/wp\/v2\/media?parent=520"}],"wp:term":[{"taxonomy":"page-domaine","embeddable":true,"href":"https:\/\/arteliagroup.ca\/fr\/wp-json\/wp\/v2\/page-domaine?post=520"}],"curies":[{"name":"wp","href":"https:\/\/api.w.org\/{rel}","templated":true}]}}