{"id":538,"date":"2024-12-07T10:00:12","date_gmt":"2024-12-07T15:00:12","guid":{"rendered":"https:\/\/arteliagroup.ca\/?page_id=538"},"modified":"2025-05-02T10:13:16","modified_gmt":"2025-05-02T14:13:16","slug":"gerance-de-construction-et-cle-en-main","status":"publish","type":"page","link":"https:\/\/arteliagroup.ca\/fr\/nos-domaines\/industrie\/gerance-de-construction-et-cle-en-main\/","title":{"rendered":"G\u00e9rance de construction et cl\u00e9 en main"},"content":{"rendered":"","protected":false},"excerpt":{"rendered":"","protected":false},"author":1,"featured_media":22792,"parent":389,"menu_order":5,"comment_status":"closed","ping_status":"closed","template":"","meta":{"_acf_changed":false,"footnotes":""},"page-domaine":[441],"class_list":["post-538","page","type-page","status-publish","has-post-thumbnail","hentry","page-domaine-p-industry-fr"],"acf":[],"yoast_head":"<!-- This site is optimized with the Yoast SEO plugin v27.2 - https:\/\/yoast.com\/product\/yoast-seo-wordpress\/ -->\n<title>G\u00e9rance de construction et cl\u00e9 en main - Artelia<\/title>\n<meta name=\"description\" content=\"Des solutions personnalis\u00e9es, alliant design optimis\u00e9, qualit\u00e9 de construction et r\u00e9duction des co\u00fbts gr\u00e2ce \u00e0 une gestion centralis\u00e9e.\" \/>\n<meta name=\"robots\" content=\"index, follow, max-snippet:-1, max-image-preview:large, max-video-preview:-1\" \/>\n<link rel=\"canonical\" href=\"https:\/\/arteliagroup.ca\/fr\/nos-domaines\/industrie\/gerance-de-construction-et-cle-en-main\/\" \/>\n<meta property=\"og:locale\" content=\"fr_CA\" \/>\n<meta property=\"og:type\" content=\"article\" \/>\n<meta property=\"og:title\" content=\"G\u00e9rance de construction et cl\u00e9 en main - Artelia\" \/>\n<meta property=\"og:description\" content=\"Des solutions personnalis\u00e9es, alliant design optimis\u00e9, qualit\u00e9 de construction et r\u00e9duction des co\u00fbts gr\u00e2ce \u00e0 une gestion centralis\u00e9e.\" \/>\n<meta property=\"og:url\" content=\"https:\/\/arteliagroup.ca\/fr\/nos-domaines\/industrie\/gerance-de-construction-et-cle-en-main\/\" \/>\n<meta property=\"og:site_name\" content=\"Artelia\" \/>\n<meta property=\"article:publisher\" content=\"https:\/\/www.linkedin.com\/company\/artelia-canada\/\" \/>\n<meta property=\"article:modified_time\" content=\"2025-05-02T14:13:16+00:00\" \/>\n<meta property=\"og:image\" content=\"https:\/\/arteliagroup.ca\/wp-content\/uploads\/2024\/12\/Artelia-Industrie_Gerance-de-construction-et-cle-en-main_v.avif\" \/>\n\t<meta property=\"og:image:width\" content=\"400\" \/>\n\t<meta property=\"og:image:height\" content=\"400\" \/>\n\t<meta property=\"og:image:type\" content=\"image\/jpeg\" \/>\n<meta name=\"twitter:card\" content=\"summary_large_image\" \/>\n<meta name=\"twitter:label1\" content=\"Estimation du temps de lecture\" \/>\n\t<meta name=\"twitter:data1\" content=\"2 minutes\" \/>\n<script type=\"application\/ld+json\" class=\"yoast-schema-graph\">{\"@context\":\"https:\/\/schema.org\",\"@graph\":[{\"@type\":\"WebPage\",\"@id\":\"https:\/\/arteliagroup.ca\/fr\/nos-domaines\/industrie\/gerance-de-construction-et-cle-en-main\/\",\"url\":\"https:\/\/arteliagroup.ca\/fr\/nos-domaines\/industrie\/gerance-de-construction-et-cle-en-main\/\",\"name\":\"G\u00e9rance de construction et cl\u00e9 en main - Artelia\",\"isPartOf\":{\"@id\":\"https:\/\/arteliagroup.ca\/fr\/#website\"},\"primaryImageOfPage\":{\"@id\":\"https:\/\/arteliagroup.ca\/fr\/nos-domaines\/industrie\/gerance-de-construction-et-cle-en-main\/#primaryimage\"},\"image\":{\"@id\":\"https:\/\/arteliagroup.ca\/fr\/nos-domaines\/industrie\/gerance-de-construction-et-cle-en-main\/#primaryimage\"},\"thumbnailUrl\":\"https:\/\/arteliagroup.ca\/wp-content\/uploads\/2024\/12\/Artelia-Industrie_Gerance-de-construction-et-cle-en-main_v.avif\",\"datePublished\":\"2024-12-07T15:00:12+00:00\",\"dateModified\":\"2025-05-02T14:13:16+00:00\",\"description\":\"Des solutions personnalis\u00e9es, alliant design optimis\u00e9, qualit\u00e9 de construction et r\u00e9duction des co\u00fbts gr\u00e2ce \u00e0 une gestion centralis\u00e9e.\",\"breadcrumb\":{\"@id\":\"https:\/\/arteliagroup.ca\/fr\/nos-domaines\/industrie\/gerance-de-construction-et-cle-en-main\/#breadcrumb\"},\"inLanguage\":\"fr-FR\",\"potentialAction\":[{\"@type\":\"ReadAction\",\"target\":[\"https:\/\/arteliagroup.ca\/fr\/nos-domaines\/industrie\/gerance-de-construction-et-cle-en-main\/\"]}]},{\"@type\":\"ImageObject\",\"inLanguage\":\"fr-FR\",\"@id\":\"https:\/\/arteliagroup.ca\/fr\/nos-domaines\/industrie\/gerance-de-construction-et-cle-en-main\/#primaryimage\",\"url\":\"https:\/\/arteliagroup.ca\/wp-content\/uploads\/2024\/12\/Artelia-Industrie_Gerance-de-construction-et-cle-en-main_v.avif\",\"contentUrl\":\"https:\/\/arteliagroup.ca\/wp-content\/uploads\/2024\/12\/Artelia-Industrie_Gerance-de-construction-et-cle-en-main_v.avif\",\"width\":400,\"height\":400,\"caption\":\"Des solutions personnalis\u00e9es, alliant design optimis\u00e9, qualit\u00e9 de construction et r\u00e9duction des co\u00fbts gr\u00e2ce \u00e0 une gestion centralis\u00e9e.\"},{\"@type\":\"BreadcrumbList\",\"@id\":\"https:\/\/arteliagroup.ca\/fr\/nos-domaines\/industrie\/gerance-de-construction-et-cle-en-main\/#breadcrumb\",\"itemListElement\":[{\"@type\":\"ListItem\",\"position\":1,\"name\":\"Accueil\",\"item\":\"https:\/\/arteliagroup.ca\/fr\/\"},{\"@type\":\"ListItem\",\"position\":2,\"name\":\"Domaines\",\"item\":\"https:\/\/arteliagroup.ca\/fr\/nos-domaines\/\"},{\"@type\":\"ListItem\",\"position\":3,\"name\":\"Industrie\",\"item\":\"https:\/\/arteliagroup.ca\/fr\/nos-domaines\/industrie\/\"},{\"@type\":\"ListItem\",\"position\":4,\"name\":\"G\u00e9rance de construction et cl\u00e9 en main\"}]},{\"@type\":\"WebSite\",\"@id\":\"https:\/\/arteliagroup.ca\/fr\/#website\",\"url\":\"https:\/\/arteliagroup.ca\/fr\/\",\"name\":\"Artelia\",\"description\":\"CR\u00c9ER DES SOLUTIONS POUR UNE VIE POSITIVE\",\"publisher\":{\"@id\":\"https:\/\/arteliagroup.ca\/fr\/#organization\"},\"alternateName\":\"Artelia Canada\",\"potentialAction\":[{\"@type\":\"SearchAction\",\"target\":{\"@type\":\"EntryPoint\",\"urlTemplate\":\"https:\/\/arteliagroup.ca\/fr\/?s={search_term_string}\"},\"query-input\":{\"@type\":\"PropertyValueSpecification\",\"valueRequired\":true,\"valueName\":\"search_term_string\"}}],\"inLanguage\":\"fr-FR\"},{\"@type\":\"Organization\",\"@id\":\"https:\/\/arteliagroup.ca\/fr\/#organization\",\"name\":\"Artelia\",\"alternateName\":\"Artelia Canada\",\"url\":\"https:\/\/arteliagroup.ca\/fr\/\",\"logo\":{\"@type\":\"ImageObject\",\"inLanguage\":\"fr-FR\",\"@id\":\"https:\/\/arteliagroup.ca\/fr\/#\/schema\/logo\/image\/\",\"url\":\"https:\/\/arteliagroup.ca\/wp-content\/uploads\/2024\/07\/ARTELIA_couleur_WEB.svg\",\"contentUrl\":\"https:\/\/arteliagroup.ca\/wp-content\/uploads\/2024\/07\/ARTELIA_couleur_WEB.svg\",\"width\":300,\"height\":91,\"caption\":\"Artelia\"},\"image\":{\"@id\":\"https:\/\/arteliagroup.ca\/fr\/#\/schema\/logo\/image\/\"},\"sameAs\":[\"https:\/\/www.linkedin.com\/company\/artelia-canada\/\"]}]}<\/script>\n<!-- \/ Yoast SEO plugin. -->","yoast_head_json":{"title":"G\u00e9rance de construction et cl\u00e9 en main - Artelia","description":"Des solutions personnalis\u00e9es, alliant design optimis\u00e9, qualit\u00e9 de construction et r\u00e9duction des co\u00fbts gr\u00e2ce \u00e0 une gestion centralis\u00e9e.","robots":{"index":"index","follow":"follow","max-snippet":"max-snippet:-1","max-image-preview":"max-image-preview:large","max-video-preview":"max-video-preview:-1"},"canonical":"https:\/\/arteliagroup.ca\/fr\/nos-domaines\/industrie\/gerance-de-construction-et-cle-en-main\/","og_locale":"fr_CA","og_type":"article","og_title":"G\u00e9rance de construction et cl\u00e9 en main - Artelia","og_description":"Des solutions personnalis\u00e9es, alliant design optimis\u00e9, qualit\u00e9 de construction et r\u00e9duction des co\u00fbts gr\u00e2ce \u00e0 une gestion centralis\u00e9e.","og_url":"https:\/\/arteliagroup.ca\/fr\/nos-domaines\/industrie\/gerance-de-construction-et-cle-en-main\/","og_site_name":"Artelia","article_publisher":"https:\/\/www.linkedin.com\/company\/artelia-canada\/","article_modified_time":"2025-05-02T14:13:16+00:00","og_image":[{"width":400,"height":400,"url":"https:\/\/arteliagroup.ca\/wp-content\/uploads\/2024\/12\/Artelia-Industrie_Gerance-de-construction-et-cle-en-main_v.avif","type":"image\/jpeg"}],"twitter_card":"summary_large_image","twitter_misc":{"Estimation du temps de lecture":"2 minutes"},"schema":{"@context":"https:\/\/schema.org","@graph":[{"@type":"WebPage","@id":"https:\/\/arteliagroup.ca\/fr\/nos-domaines\/industrie\/gerance-de-construction-et-cle-en-main\/","url":"https:\/\/arteliagroup.ca\/fr\/nos-domaines\/industrie\/gerance-de-construction-et-cle-en-main\/","name":"G\u00e9rance de construction et cl\u00e9 en main - Artelia","isPartOf":{"@id":"https:\/\/arteliagroup.ca\/fr\/#website"},"primaryImageOfPage":{"@id":"https:\/\/arteliagroup.ca\/fr\/nos-domaines\/industrie\/gerance-de-construction-et-cle-en-main\/#primaryimage"},"image":{"@id":"https:\/\/arteliagroup.ca\/fr\/nos-domaines\/industrie\/gerance-de-construction-et-cle-en-main\/#primaryimage"},"thumbnailUrl":"https:\/\/arteliagroup.ca\/wp-content\/uploads\/2024\/12\/Artelia-Industrie_Gerance-de-construction-et-cle-en-main_v.avif","datePublished":"2024-12-07T15:00:12+00:00","dateModified":"2025-05-02T14:13:16+00:00","description":"Des solutions personnalis\u00e9es, alliant design optimis\u00e9, qualit\u00e9 de construction et r\u00e9duction des co\u00fbts gr\u00e2ce \u00e0 une gestion centralis\u00e9e.","breadcrumb":{"@id":"https:\/\/arteliagroup.ca\/fr\/nos-domaines\/industrie\/gerance-de-construction-et-cle-en-main\/#breadcrumb"},"inLanguage":"fr-FR","potentialAction":[{"@type":"ReadAction","target":["https:\/\/arteliagroup.ca\/fr\/nos-domaines\/industrie\/gerance-de-construction-et-cle-en-main\/"]}]},{"@type":"ImageObject","inLanguage":"fr-FR","@id":"https:\/\/arteliagroup.ca\/fr\/nos-domaines\/industrie\/gerance-de-construction-et-cle-en-main\/#primaryimage","url":"https:\/\/arteliagroup.ca\/wp-content\/uploads\/2024\/12\/Artelia-Industrie_Gerance-de-construction-et-cle-en-main_v.avif","contentUrl":"https:\/\/arteliagroup.ca\/wp-content\/uploads\/2024\/12\/Artelia-Industrie_Gerance-de-construction-et-cle-en-main_v.avif","width":400,"height":400,"caption":"Des solutions personnalis\u00e9es, alliant design optimis\u00e9, qualit\u00e9 de construction et r\u00e9duction des co\u00fbts gr\u00e2ce \u00e0 une gestion centralis\u00e9e."},{"@type":"BreadcrumbList","@id":"https:\/\/arteliagroup.ca\/fr\/nos-domaines\/industrie\/gerance-de-construction-et-cle-en-main\/#breadcrumb","itemListElement":[{"@type":"ListItem","position":1,"name":"Accueil","item":"https:\/\/arteliagroup.ca\/fr\/"},{"@type":"ListItem","position":2,"name":"Domaines","item":"https:\/\/arteliagroup.ca\/fr\/nos-domaines\/"},{"@type":"ListItem","position":3,"name":"Industrie","item":"https:\/\/arteliagroup.ca\/fr\/nos-domaines\/industrie\/"},{"@type":"ListItem","position":4,"name":"G\u00e9rance de construction et cl\u00e9 en main"}]},{"@type":"WebSite","@id":"https:\/\/arteliagroup.ca\/fr\/#website","url":"https:\/\/arteliagroup.ca\/fr\/","name":"Artelia","description":"CR\u00c9ER DES SOLUTIONS POUR UNE VIE POSITIVE","publisher":{"@id":"https:\/\/arteliagroup.ca\/fr\/#organization"},"alternateName":"Artelia Canada","potentialAction":[{"@type":"SearchAction","target":{"@type":"EntryPoint","urlTemplate":"https:\/\/arteliagroup.ca\/fr\/?s={search_term_string}"},"query-input":{"@type":"PropertyValueSpecification","valueRequired":true,"valueName":"search_term_string"}}],"inLanguage":"fr-FR"},{"@type":"Organization","@id":"https:\/\/arteliagroup.ca\/fr\/#organization","name":"Artelia","alternateName":"Artelia Canada","url":"https:\/\/arteliagroup.ca\/fr\/","logo":{"@type":"ImageObject","inLanguage":"fr-FR","@id":"https:\/\/arteliagroup.ca\/fr\/#\/schema\/logo\/image\/","url":"https:\/\/arteliagroup.ca\/wp-content\/uploads\/2024\/07\/ARTELIA_couleur_WEB.svg","contentUrl":"https:\/\/arteliagroup.ca\/wp-content\/uploads\/2024\/07\/ARTELIA_couleur_WEB.svg","width":300,"height":91,"caption":"Artelia"},"image":{"@id":"https:\/\/arteliagroup.ca\/fr\/#\/schema\/logo\/image\/"},"sameAs":["https:\/\/www.linkedin.com\/company\/artelia-canada\/"]}]}},"_links":{"self":[{"href":"https:\/\/arteliagroup.ca\/fr\/wp-json\/wp\/v2\/pages\/538","targetHints":{"allow":["GET"]}}],"collection":[{"href":"https:\/\/arteliagroup.ca\/fr\/wp-json\/wp\/v2\/pages"}],"about":[{"href":"https:\/\/arteliagroup.ca\/fr\/wp-json\/wp\/v2\/types\/page"}],"author":[{"embeddable":true,"href":"https:\/\/arteliagroup.ca\/fr\/wp-json\/wp\/v2\/users\/1"}],"replies":[{"embeddable":true,"href":"https:\/\/arteliagroup.ca\/fr\/wp-json\/wp\/v2\/comments?post=538"}],"version-history":[{"count":6,"href":"https:\/\/arteliagroup.ca\/fr\/wp-json\/wp\/v2\/pages\/538\/revisions"}],"predecessor-version":[{"id":28686,"href":"https:\/\/arteliagroup.ca\/fr\/wp-json\/wp\/v2\/pages\/538\/revisions\/28686"}],"up":[{"embeddable":true,"href":"https:\/\/arteliagroup.ca\/fr\/wp-json\/wp\/v2\/pages\/389"}],"wp:featuredmedia":[{"embeddable":true,"href":"https:\/\/arteliagroup.ca\/fr\/wp-json\/wp\/v2\/media\/22792"}],"wp:attachment":[{"href":"https:\/\/arteliagroup.ca\/fr\/wp-json\/wp\/v2\/media?parent=538"}],"wp:term":[{"taxonomy":"page-domaine","embeddable":true,"href":"https:\/\/arteliagroup.ca\/fr\/wp-json\/wp\/v2\/page-domaine?post=538"}],"curies":[{"name":"wp","href":"https:\/\/api.w.org\/{rel}","templated":true}]}}